{"id":676,"date":"2018-05-11T17:13:52","date_gmt":"2018-05-11T20:13:52","guid":{"rendered":"https:\/\/www.sexshop.com.ar\/web\/?post_type=product&#038;p=676"},"modified":"2026-04-13T11:10:57","modified_gmt":"2026-04-13T14:10:57","slug":"xing-yu-viagra-natural","status":"publish","type":"product","link":"https:\/\/www.sexshop.com.ar\/web\/producto\/xing-yu-viagra-natural\/","title":{"rendered":"Xing Yu (Viagra Natural)"},"content":{"rendered":"<h1 class=\"titulo-detalles\">Xing Yu (Viagra Natural)<\/h1>\n<div class=\"descripcion-completa\">\n<h2>En horas puede mejorar su vida sexual<\/h2>\n<p>Las C\u00e1psulas Xing Yu son el mejor m\u00e9todo disponible para aumentar y restaurar la potencia sexual de una forma sana, sencilla y natural.<\/p>\n<p>Viva su masculinidad a pleno con Xing Yu, el \u00fanico producto en el mundo que combina en su f\u00f3rmula las m\u00e1s potentes hierbas chinas con probados ingredientes del mundo occidental, para lograr la mas alta efectividad.<\/p>\n<p>Xing Yu se toma solamente cuando usted lo necesita.<br \/>\nCon Xing Yu no es necesario estar pendiente de tomar las c\u00e1psulas todos los d\u00edas del mes para que el producto funcione, sino solamente en aquellos d\u00edas en los que usted las necesite, ya que no es un tratamiento permanente sino que tiene efecto directo los d\u00edas en que se toma y dicho efecto perdura hasta tres d\u00edas.<\/p>\n<p>Xing Yu es un compuesto de hierbas y amino\u00e1cidos que desde la primera toma asegura varios d\u00edas de resultados excelentes:<\/p>\n<h2>Beneficios a corto, mediano y largo plazo<\/h2>\n<p>Los efectos del Xing Yu se notan a partir de la hora de haber sido ingerido y perduran por un per\u00edodo (seg\u00fan el estado f\u00edsico) que va hasta los tres d\u00edas. El efecto es m\u00e1s notorio durante las primeras 24 horas. Cuando este producto se usa sostenida y regularmente por un periodo de alrededor de seis meses, adem\u00e1s de producir los efectos inmediatos descriptos arriba, provoca mejor\u00edas que perduran en el tiempo.<\/p>\n<\/div>\n","protected":false},"excerpt":{"rendered":"<h1><\/h1>\n<h1><\/h1>\n<h1 class=\"titulo-detalles\">Xing Yu (Viagra Natural)<\/h1>\n<div class=\"descripcion-completa\">\n<h2>En horas puede mejorar su vida sexual<\/h2>\n<p>Las C\u00e1psulas Xing Yu son el mejor m\u00e9todo disponible para aumentar y restaurar la potencia sexual de una forma sana, sencilla y natural.<\/p>\n<p>&nbsp;<\/p>\n<\/div>\n","protected":false},"featured_media":7498,"template":"","meta":{"_et_pb_use_builder":"","_et_pb_old_content":"","_et_gb_content_width":"","_joinchat":[]},"product_brand":[],"product_cat":[25,33,36],"product_tag":[],"class_list":{"0":"post-676","1":"product","2":"type-product","3":"status-publish","4":"has-post-thumbnail","6":"product_cat-afrodisiacos","7":"product_cat-ellos","8":"product_cat-energizantes","10":"first","11":"instock","12":"shipping-taxable","13":"purchasable","14":"product-type-simple"},"_links":{"self":[{"href":"https:\/\/www.sexshop.com.ar\/web\/wp-json\/wp\/v2\/product\/676","targetHints":{"allow":["GET"]}}],"collection":[{"href":"https:\/\/www.sexshop.com.ar\/web\/wp-json\/wp\/v2\/product"}],"about":[{"href":"https:\/\/www.sexshop.com.ar\/web\/wp-json\/wp\/v2\/types\/product"}],"wp:featuredmedia":[{"embeddable":true,"href":"https:\/\/www.sexshop.com.ar\/web\/wp-json\/wp\/v2\/media\/7498"}],"wp:attachment":[{"href":"https:\/\/www.sexshop.com.ar\/web\/wp-json\/wp\/v2\/media?parent=676"}],"wp:term":[{"taxonomy":"product_brand","embeddable":true,"href":"https:\/\/www.sexshop.com.ar\/web\/wp-json\/wp\/v2\/product_brand?post=676"},{"taxonomy":"product_cat","embeddable":true,"href":"https:\/\/www.sexshop.com.ar\/web\/wp-json\/wp\/v2\/product_cat?post=676"},{"taxonomy":"product_tag","embeddable":true,"href":"https:\/\/www.sexshop.com.ar\/web\/wp-json\/wp\/v2\/product_tag?post=676"}],"curies":[{"name":"wp","href":"https:\/\/api.w.org\/{rel}","templated":true}]}}