{"id":6815,"date":"2024-04-01T12:05:00","date_gmt":"2024-04-01T15:05:00","guid":{"rendered":"https:\/\/www.sexshop.com.ar\/web\/?post_type=product&#038;p=6815"},"modified":"2024-12-02T11:14:09","modified_gmt":"2024-12-02T14:14:09","slug":"set-anillos-stay-hard-lisos-x3u","status":"publish","type":"product","link":"https:\/\/www.sexshop.com.ar\/web\/producto\/set-anillos-stay-hard-lisos-x3u\/","title":{"rendered":"SET ANILLOS STAY HARD LISOS X3U"},"content":{"rendered":"<p>Material: Silicona gel.<\/p>\n<p>Unidades por Blister: 3.<\/p>\n<p>Color: Azul, Negro y transparente.<\/p>\n<p>Tipo: Liso.<\/p>\n","protected":false},"excerpt":{"rendered":"<p>Estos anillos ayudan a contener el flujo sanguineo que se acumula en el pene durante la erecci\u00f3n y acto sexual, retardando que este baje al cuerpo de nuevo, con lo cual se consiguen erecciones mas duraderas y potentes, evitando que pierdas rigidez en el acto Estimulan el cl\u00edtoris. Silicona 100% C\u00f3modo y f\u00e1cil de usar, muy flexible. Sumergible y f\u00e1cil de limpiar.<\/p>\n","protected":false},"featured_media":6816,"template":"","meta":{"_et_pb_use_builder":"","_et_pb_old_content":"","_et_gb_content_width":"","_joinchat":[]},"product_brand":[],"product_cat":[24,26,33],"product_tag":[],"class_list":{"0":"post-6815","1":"product","2":"type-product","3":"status-publish","4":"has-post-thumbnail","6":"product_cat-accesorios","7":"product_cat-anillos-peneanos","8":"product_cat-ellos","10":"first","11":"instock","12":"shipping-taxable","13":"purchasable","14":"product-type-simple"},"_links":{"self":[{"href":"https:\/\/www.sexshop.com.ar\/web\/wp-json\/wp\/v2\/product\/6815","targetHints":{"allow":["GET"]}}],"collection":[{"href":"https:\/\/www.sexshop.com.ar\/web\/wp-json\/wp\/v2\/product"}],"about":[{"href":"https:\/\/www.sexshop.com.ar\/web\/wp-json\/wp\/v2\/types\/product"}],"wp:featuredmedia":[{"embeddable":true,"href":"https:\/\/www.sexshop.com.ar\/web\/wp-json\/wp\/v2\/media\/6816"}],"wp:attachment":[{"href":"https:\/\/www.sexshop.com.ar\/web\/wp-json\/wp\/v2\/media?parent=6815"}],"wp:term":[{"taxonomy":"product_brand","embeddable":true,"href":"https:\/\/www.sexshop.com.ar\/web\/wp-json\/wp\/v2\/product_brand?post=6815"},{"taxonomy":"product_cat","embeddable":true,"href":"https:\/\/www.sexshop.com.ar\/web\/wp-json\/wp\/v2\/product_cat?post=6815"},{"taxonomy":"product_tag","embeddable":true,"href":"https:\/\/www.sexshop.com.ar\/web\/wp-json\/wp\/v2\/product_tag?post=6815"}],"curies":[{"name":"wp","href":"https:\/\/api.w.org\/{rel}","templated":true}]}}