{"id":6915,"date":"2024-04-01T19:36:44","date_gmt":"2024-04-01T22:36:44","guid":{"rendered":"https:\/\/www.sexshop.com.ar\/web\/?post_type=product&#038;p=6915"},"modified":"2024-11-27T14:38:16","modified_gmt":"2024-11-27T17:38:16","slug":"collar-y-correa-de-cuero-sado","status":"publish","type":"product","link":"https:\/\/www.sexshop.com.ar\/web\/producto\/collar-y-correa-de-cuero-sado\/","title":{"rendered":"Collar y Correa de Cuero Sado"},"content":{"rendered":"<p>Origen: Argentina<\/p>\n<p>Talle: \u00danico<\/p>\n<p>Material: Cuero<\/p>\n","protected":false},"excerpt":{"rendered":"<p>El Collar Con Cadenas de correa 100% de cuero es ideal para aumentar la pasi\u00f3n, imagin\u00e1 fantas\u00edas compartidas con tu pareja, an\u00edmate a intercambiar roles y traspasar fronteras. Donde hay una norma, siempre habr\u00e1 transgresiones que har\u00e1n m\u00e1s excitante tu vida sexual!<\/p>\n<p>Perfecto para tus secciones de sado, demu\u00e9strale quien manda.<\/p>\n<p>100% fabricado en cuero<\/p>\n","protected":false},"featured_media":6917,"template":"","meta":{"_et_pb_use_builder":"","_et_pb_old_content":"","_et_gb_content_width":"","_joinchat":[]},"product_brand":[],"product_cat":[30],"product_tag":[],"class_list":{"0":"post-6915","1":"product","2":"type-product","3":"status-publish","4":"has-post-thumbnail","6":"product_cat-cueros","8":"first","9":"instock","10":"shipping-taxable","11":"purchasable","12":"product-type-simple"},"_links":{"self":[{"href":"https:\/\/www.sexshop.com.ar\/web\/wp-json\/wp\/v2\/product\/6915","targetHints":{"allow":["GET"]}}],"collection":[{"href":"https:\/\/www.sexshop.com.ar\/web\/wp-json\/wp\/v2\/product"}],"about":[{"href":"https:\/\/www.sexshop.com.ar\/web\/wp-json\/wp\/v2\/types\/product"}],"wp:featuredmedia":[{"embeddable":true,"href":"https:\/\/www.sexshop.com.ar\/web\/wp-json\/wp\/v2\/media\/6917"}],"wp:attachment":[{"href":"https:\/\/www.sexshop.com.ar\/web\/wp-json\/wp\/v2\/media?parent=6915"}],"wp:term":[{"taxonomy":"product_brand","embeddable":true,"href":"https:\/\/www.sexshop.com.ar\/web\/wp-json\/wp\/v2\/product_brand?post=6915"},{"taxonomy":"product_cat","embeddable":true,"href":"https:\/\/www.sexshop.com.ar\/web\/wp-json\/wp\/v2\/product_cat?post=6915"},{"taxonomy":"product_tag","embeddable":true,"href":"https:\/\/www.sexshop.com.ar\/web\/wp-json\/wp\/v2\/product_tag?post=6915"}],"curies":[{"name":"wp","href":"https:\/\/api.w.org\/{rel}","templated":true}]}}