{"id":6954,"date":"2024-07-20T17:35:35","date_gmt":"2024-07-20T20:35:35","guid":{"rendered":"https:\/\/www.sexshop.com.ar\/web\/?post_type=product&#038;p=6954"},"modified":"2025-02-03T13:04:53","modified_gmt":"2025-02-03T16:04:53","slug":"sextual-lubricante-ruby-80-ml","status":"publish","type":"product","link":"https:\/\/www.sexshop.com.ar\/web\/producto\/sextual-lubricante-ruby-80-ml\/","title":{"rendered":"SEXTUAL LUBRICANTE RUBY 80 ML"},"content":{"rendered":"<p>Tipo: Lubricante Intimo Vaginal.<br \/>\nEnvase:80ml.<br \/>\nBase: Acuosa.<br \/>\nAroma:No.<br \/>\nCompatible con el uso de preservativo.<\/p>\n","protected":false},"excerpt":{"rendered":"<p>ANTIAGE:.<br \/>\nEL CUIDADO PERSONAL TAMBI\u00c9N INCLUYE NUESTRA INTIMIDAD, CON PRODUCTOS CUIDADOSAMENTE SELECCIONADOS, SEXTUAL TE BRINDA LA MEJOR COMBINACI\u00d3N INDISPENSABLE PARA TUS MEJORES MOMENTOS EN LA INTIMIDAD. LAS PROPIEDADES DEL \u00c1CIDO HIALUR\u00d3NICO Y ARG\u00c1N HAR\u00c1N QUE TUS MOMENTOS SEAN \u00daNICOS.<\/p>\n<p>\u00c1CIDO HIALUR\u00d3NICO (MAYOR ELASTICIDAD \/ ORGASMOS M\u00c1S INTENSOS \/ MEJORA EL TAMA\u00d1O DEL PENE) ARGAN (RETARDA EL ENVEJECIMIENTO)<\/p>\n","protected":false},"featured_media":6955,"template":"","meta":{"_et_pb_use_builder":"","_et_pb_old_content":"","_et_gb_content_width":"","_joinchat":[]},"product_brand":[],"product_cat":[35],"product_tag":[],"class_list":{"0":"post-6954","1":"product","2":"type-product","3":"status-publish","4":"has-post-thumbnail","6":"product_cat-geles-y-lubricantes","8":"first","9":"instock","10":"shipping-taxable","11":"purchasable","12":"product-type-simple"},"_links":{"self":[{"href":"https:\/\/www.sexshop.com.ar\/web\/wp-json\/wp\/v2\/product\/6954","targetHints":{"allow":["GET"]}}],"collection":[{"href":"https:\/\/www.sexshop.com.ar\/web\/wp-json\/wp\/v2\/product"}],"about":[{"href":"https:\/\/www.sexshop.com.ar\/web\/wp-json\/wp\/v2\/types\/product"}],"wp:featuredmedia":[{"embeddable":true,"href":"https:\/\/www.sexshop.com.ar\/web\/wp-json\/wp\/v2\/media\/6955"}],"wp:attachment":[{"href":"https:\/\/www.sexshop.com.ar\/web\/wp-json\/wp\/v2\/media?parent=6954"}],"wp:term":[{"taxonomy":"product_brand","embeddable":true,"href":"https:\/\/www.sexshop.com.ar\/web\/wp-json\/wp\/v2\/product_brand?post=6954"},{"taxonomy":"product_cat","embeddable":true,"href":"https:\/\/www.sexshop.com.ar\/web\/wp-json\/wp\/v2\/product_cat?post=6954"},{"taxonomy":"product_tag","embeddable":true,"href":"https:\/\/www.sexshop.com.ar\/web\/wp-json\/wp\/v2\/product_tag?post=6954"}],"curies":[{"name":"wp","href":"https:\/\/api.w.org\/{rel}","templated":true}]}}