{"id":6989,"date":"2024-07-20T18:33:53","date_gmt":"2024-07-20T21:33:53","guid":{"rendered":"https:\/\/www.sexshop.com.ar\/web\/?post_type=product&#038;p=6989"},"modified":"2025-03-31T18:10:57","modified_gmt":"2025-03-31T21:10:57","slug":"boundless-bondage-cinta-tape-black","status":"publish","type":"product","link":"https:\/\/www.sexshop.com.ar\/web\/producto\/boundless-bondage-cinta-tape-black\/","title":{"rendered":"Boundless\u2122 Bondage Cinta Tape &#8211; Black"},"content":{"rendered":"","protected":false},"excerpt":{"rendered":"<p>\u00a1D\u00e9jese llevar por sus fantas\u00edas BDSM y sea infinitamente creativo con 60 pies de Boundless\u2122 Bondage Tape! La atrevida y divertida cinta de bondage est\u00e1 hecha de manera \u00fanica para adherirse a s\u00ed misma para un juego de sujeci\u00f3n vers\u00e1til. La cinta multiusos es el\u00e1stica, duradera y reutilizable.<\/p>\n<p>Entr\u00e9gate a sensaciones elevadas y placer mejorado con cada envoltura de esta cinta elegante y el\u00e1stica. Envu\u00e9lvelo con fuerza alrededor de las mu\u00f1ecas, ata suavemente los tobillos o crea atuendos de fantas\u00eda \u00fanicos para tu amante para una experiencia \u00fanica y sensacional. Lleva tus fantas\u00edas al siguiente nivel con la cinta BDSM infinitamente creativa.<\/p>\n","protected":false},"featured_media":6990,"template":"","meta":{"_et_pb_use_builder":"","_et_pb_old_content":"","_et_gb_content_width":"","_joinchat":[]},"product_brand":[],"product_cat":[45,24,30],"product_tag":[],"class_list":{"0":"post-6989","1":"product","2":"type-product","3":"status-publish","4":"has-post-thumbnail","6":"product_cat-50-sombras-de-grey","7":"product_cat-accesorios","8":"product_cat-cueros","10":"first","11":"instock","12":"shipping-taxable","13":"purchasable","14":"product-type-simple"},"_links":{"self":[{"href":"https:\/\/www.sexshop.com.ar\/web\/wp-json\/wp\/v2\/product\/6989","targetHints":{"allow":["GET"]}}],"collection":[{"href":"https:\/\/www.sexshop.com.ar\/web\/wp-json\/wp\/v2\/product"}],"about":[{"href":"https:\/\/www.sexshop.com.ar\/web\/wp-json\/wp\/v2\/types\/product"}],"wp:featuredmedia":[{"embeddable":true,"href":"https:\/\/www.sexshop.com.ar\/web\/wp-json\/wp\/v2\/media\/6990"}],"wp:attachment":[{"href":"https:\/\/www.sexshop.com.ar\/web\/wp-json\/wp\/v2\/media?parent=6989"}],"wp:term":[{"taxonomy":"product_brand","embeddable":true,"href":"https:\/\/www.sexshop.com.ar\/web\/wp-json\/wp\/v2\/product_brand?post=6989"},{"taxonomy":"product_cat","embeddable":true,"href":"https:\/\/www.sexshop.com.ar\/web\/wp-json\/wp\/v2\/product_cat?post=6989"},{"taxonomy":"product_tag","embeddable":true,"href":"https:\/\/www.sexshop.com.ar\/web\/wp-json\/wp\/v2\/product_tag?post=6989"}],"curies":[{"name":"wp","href":"https:\/\/api.w.org\/{rel}","templated":true}]}}