{"id":7198,"date":"2024-10-28T19:42:39","date_gmt":"2024-10-28T22:42:39","guid":{"rendered":"https:\/\/www.sexshop.com.ar\/web\/?post_type=product&#038;p=7198"},"modified":"2025-01-27T11:30:46","modified_gmt":"2025-01-27T14:30:46","slug":"suck-anal-pene-curvo-piel","status":"publish","type":"product","link":"https:\/\/www.sexshop.com.ar\/web\/producto\/suck-anal-pene-curvo-piel\/","title":{"rendered":"SUCK ANAL PENE CURVO PIEL"},"content":{"rendered":"<p>Este consolador de alta calidad viene con textura suave y formato en curva para una penetraci\u00f3n mas suave. Permite estimular adem\u00e1s el punto P o Prost\u00e1tico del hombre. Usado por ambos sexos, viene con sopapa para poder adherirlo a cualquier superficie, y adem\u00e1s, es compatible con arn\u00e9s.<br \/>\nSu medida es de 15 cm y 2,5 cm de di\u00e1metro. Se recomienda el uso de lubricante.<\/p>\n","protected":false},"excerpt":{"rendered":"<p>-Tipo: Anal sin vibro.<\/p>\n<p>-Medidas: 15cm x 2,5cm.<\/p>\n<p>-Libre de Ftalato.<\/p>\n","protected":false},"featured_media":7199,"template":"","meta":{"_et_pb_use_builder":"","_et_pb_old_content":"","_et_gb_content_width":"","_joinchat":[]},"product_brand":[],"product_cat":[28],"product_tag":[],"class_list":{"0":"post-7198","1":"product","2":"type-product","3":"status-publish","4":"has-post-thumbnail","6":"product_cat-consoladores-anales","8":"first","9":"instock","10":"shipping-taxable","11":"purchasable","12":"product-type-simple"},"_links":{"self":[{"href":"https:\/\/www.sexshop.com.ar\/web\/wp-json\/wp\/v2\/product\/7198","targetHints":{"allow":["GET"]}}],"collection":[{"href":"https:\/\/www.sexshop.com.ar\/web\/wp-json\/wp\/v2\/product"}],"about":[{"href":"https:\/\/www.sexshop.com.ar\/web\/wp-json\/wp\/v2\/types\/product"}],"wp:featuredmedia":[{"embeddable":true,"href":"https:\/\/www.sexshop.com.ar\/web\/wp-json\/wp\/v2\/media\/7199"}],"wp:attachment":[{"href":"https:\/\/www.sexshop.com.ar\/web\/wp-json\/wp\/v2\/media?parent=7198"}],"wp:term":[{"taxonomy":"product_brand","embeddable":true,"href":"https:\/\/www.sexshop.com.ar\/web\/wp-json\/wp\/v2\/product_brand?post=7198"},{"taxonomy":"product_cat","embeddable":true,"href":"https:\/\/www.sexshop.com.ar\/web\/wp-json\/wp\/v2\/product_cat?post=7198"},{"taxonomy":"product_tag","embeddable":true,"href":"https:\/\/www.sexshop.com.ar\/web\/wp-json\/wp\/v2\/product_tag?post=7198"}],"curies":[{"name":"wp","href":"https:\/\/api.w.org\/{rel}","templated":true}]}}