{"id":7200,"date":"2024-10-28T19:51:31","date_gmt":"2024-10-28T22:51:31","guid":{"rendered":"https:\/\/www.sexshop.com.ar\/web\/?post_type=product&#038;p=7200"},"modified":"2025-01-20T16:28:54","modified_gmt":"2025-01-20T19:28:54","slug":"cyber-suck-banana","status":"publish","type":"product","link":"https:\/\/www.sexshop.com.ar\/web\/producto\/cyber-suck-banana\/","title":{"rendered":"CYBER SUCK BANANA"},"content":{"rendered":"<p>Para los que buscan realismo y satisfacci\u00f3n, la l\u00ednea cyber es s\u00faper real\u00edstica, s\u00edmil a la piel y suave al tacto. Para vivir una experiencia de placer puro, el dildo ofrece una sensaci\u00f3n real de un pene. El suck posee sopapa, lo que permite su adhesi\u00f3n a la superficie y es compatible con el uso de arn\u00e9s. Se recomienda el uso de lubricantes.<\/p>\n","protected":false},"excerpt":{"rendered":"<p>-Tipo: Dildo con sopapa.<\/p>\n<p>-Medida: 23 cm x 4 \u00d8.<\/p>\n<p>-Modelo Water Proof \/ Prueba de agua.<\/p>\n<p>-Phthalate Free \/ Libre Ftalato.<\/p>\n","protected":false},"featured_media":7201,"template":"","meta":{"_et_pb_use_builder":"","_et_pb_old_content":"","_et_gb_content_width":"","_joinchat":[]},"product_brand":[],"product_cat":[29],"product_tag":[],"class_list":{"0":"post-7200","1":"product","2":"type-product","3":"status-publish","4":"has-post-thumbnail","6":"product_cat-consoladores-y-dildos","8":"first","9":"instock","10":"shipping-taxable","11":"purchasable","12":"product-type-simple"},"_links":{"self":[{"href":"https:\/\/www.sexshop.com.ar\/web\/wp-json\/wp\/v2\/product\/7200","targetHints":{"allow":["GET"]}}],"collection":[{"href":"https:\/\/www.sexshop.com.ar\/web\/wp-json\/wp\/v2\/product"}],"about":[{"href":"https:\/\/www.sexshop.com.ar\/web\/wp-json\/wp\/v2\/types\/product"}],"wp:featuredmedia":[{"embeddable":true,"href":"https:\/\/www.sexshop.com.ar\/web\/wp-json\/wp\/v2\/media\/7201"}],"wp:attachment":[{"href":"https:\/\/www.sexshop.com.ar\/web\/wp-json\/wp\/v2\/media?parent=7200"}],"wp:term":[{"taxonomy":"product_brand","embeddable":true,"href":"https:\/\/www.sexshop.com.ar\/web\/wp-json\/wp\/v2\/product_brand?post=7200"},{"taxonomy":"product_cat","embeddable":true,"href":"https:\/\/www.sexshop.com.ar\/web\/wp-json\/wp\/v2\/product_cat?post=7200"},{"taxonomy":"product_tag","embeddable":true,"href":"https:\/\/www.sexshop.com.ar\/web\/wp-json\/wp\/v2\/product_tag?post=7200"}],"curies":[{"name":"wp","href":"https:\/\/api.w.org\/{rel}","templated":true}]}}