{"id":7202,"date":"2024-10-28T19:54:31","date_gmt":"2024-10-28T22:54:31","guid":{"rendered":"https:\/\/www.sexshop.com.ar\/web\/?post_type=product&#038;p=7202"},"modified":"2025-01-20T16:29:34","modified_gmt":"2025-01-20T19:29:34","slug":"cyber-suck-americano-grande","status":"publish","type":"product","link":"https:\/\/www.sexshop.com.ar\/web\/producto\/cyber-suck-americano-grande\/","title":{"rendered":"CYBER SUCK AMERICANO GRANDE"},"content":{"rendered":"<p>Para los que buscan realismo y satisfacci\u00f3n, la l\u00ednea cyber es s\u00faper real\u00edstica, s\u00edmil a la piel y suave al tacto. Para vivir una experiencia de placer puro, el dildo ofrece una sensaci\u00f3n real de un pene venoso. El suck posee sopapa, lo que permite su adhesi\u00f3n a la superficie y es compatible con el uso de arn\u00e9s. Se recomienda el uso de lubricantes.<\/p>\n","protected":false},"excerpt":{"rendered":"<p>-Tipo: Dildo con sopapa.<\/p>\n<p>-Medida: 20 cm x 4 \u00d8.<\/p>\n<p>-Modelo Water Proof \/ Prueba de agua.<\/p>\n<p>-Phthalate Free \/ Libre Ftalato.<\/p>\n","protected":false},"featured_media":7203,"template":"","meta":{"_et_pb_use_builder":"","_et_pb_old_content":"","_et_gb_content_width":"","_joinchat":[]},"product_brand":[],"product_cat":[29],"product_tag":[],"class_list":{"0":"post-7202","1":"product","2":"type-product","3":"status-publish","4":"has-post-thumbnail","6":"product_cat-consoladores-y-dildos","8":"first","9":"instock","10":"shipping-taxable","11":"purchasable","12":"product-type-simple"},"_links":{"self":[{"href":"https:\/\/www.sexshop.com.ar\/web\/wp-json\/wp\/v2\/product\/7202","targetHints":{"allow":["GET"]}}],"collection":[{"href":"https:\/\/www.sexshop.com.ar\/web\/wp-json\/wp\/v2\/product"}],"about":[{"href":"https:\/\/www.sexshop.com.ar\/web\/wp-json\/wp\/v2\/types\/product"}],"wp:featuredmedia":[{"embeddable":true,"href":"https:\/\/www.sexshop.com.ar\/web\/wp-json\/wp\/v2\/media\/7203"}],"wp:attachment":[{"href":"https:\/\/www.sexshop.com.ar\/web\/wp-json\/wp\/v2\/media?parent=7202"}],"wp:term":[{"taxonomy":"product_brand","embeddable":true,"href":"https:\/\/www.sexshop.com.ar\/web\/wp-json\/wp\/v2\/product_brand?post=7202"},{"taxonomy":"product_cat","embeddable":true,"href":"https:\/\/www.sexshop.com.ar\/web\/wp-json\/wp\/v2\/product_cat?post=7202"},{"taxonomy":"product_tag","embeddable":true,"href":"https:\/\/www.sexshop.com.ar\/web\/wp-json\/wp\/v2\/product_tag?post=7202"}],"curies":[{"name":"wp","href":"https:\/\/api.w.org\/{rel}","templated":true}]}}