{"id":7217,"date":"2024-11-11T11:08:47","date_gmt":"2024-11-11T14:08:47","guid":{"rendered":"https:\/\/www.sexshop.com.ar\/web\/?post_type=product&#038;p=7217"},"modified":"2024-12-02T11:51:06","modified_gmt":"2024-12-02T14:51:06","slug":"sextual-lubricante-anal-30ml","status":"publish","type":"product","link":"https:\/\/www.sexshop.com.ar\/web\/producto\/sextual-lubricante-anal-30ml\/","title":{"rendered":"SEXTUAL LUBRICANTE ANAL 30ML"},"content":{"rendered":"<p>Tipo: Anal.<br \/>\nEnvase:30ml.<br \/>\nBase: Acuosa.<br \/>\nApto Preservativo: Si.<br \/>\nAroma:Rosas.<\/p>\n","protected":false},"excerpt":{"rendered":"<p>Debido a su compatibilidad con el pH (Coeficiente que indica el grado de acidez) de las mucosas anal y vaginal y a su alto poder de lubricaci\u00f3n disminuye la posibilidad de dolor y protege los genitales de las diferentes lesiones d\u00e9rmicas ocasionadas por fricci\u00f3n (\u00falceras, laceraciones, fisuras, etc.)<\/p>\n","protected":false},"featured_media":7218,"template":"","meta":{"_et_pb_use_builder":"","_et_pb_old_content":"","_et_gb_content_width":"","_joinchat":[]},"product_brand":[],"product_cat":[35],"product_tag":[],"class_list":{"0":"post-7217","1":"product","2":"type-product","3":"status-publish","4":"has-post-thumbnail","6":"product_cat-geles-y-lubricantes","8":"first","9":"instock","10":"shipping-taxable","11":"purchasable","12":"product-type-simple"},"_links":{"self":[{"href":"https:\/\/www.sexshop.com.ar\/web\/wp-json\/wp\/v2\/product\/7217","targetHints":{"allow":["GET"]}}],"collection":[{"href":"https:\/\/www.sexshop.com.ar\/web\/wp-json\/wp\/v2\/product"}],"about":[{"href":"https:\/\/www.sexshop.com.ar\/web\/wp-json\/wp\/v2\/types\/product"}],"wp:featuredmedia":[{"embeddable":true,"href":"https:\/\/www.sexshop.com.ar\/web\/wp-json\/wp\/v2\/media\/7218"}],"wp:attachment":[{"href":"https:\/\/www.sexshop.com.ar\/web\/wp-json\/wp\/v2\/media?parent=7217"}],"wp:term":[{"taxonomy":"product_brand","embeddable":true,"href":"https:\/\/www.sexshop.com.ar\/web\/wp-json\/wp\/v2\/product_brand?post=7217"},{"taxonomy":"product_cat","embeddable":true,"href":"https:\/\/www.sexshop.com.ar\/web\/wp-json\/wp\/v2\/product_cat?post=7217"},{"taxonomy":"product_tag","embeddable":true,"href":"https:\/\/www.sexshop.com.ar\/web\/wp-json\/wp\/v2\/product_tag?post=7217"}],"curies":[{"name":"wp","href":"https:\/\/api.w.org\/{rel}","templated":true}]}}