{"id":7225,"date":"2024-11-11T11:20:44","date_gmt":"2024-11-11T14:20:44","guid":{"rendered":"https:\/\/www.sexshop.com.ar\/web\/?post_type=product&#038;p=7225"},"modified":"2025-01-20T16:40:45","modified_gmt":"2025-01-20T19:40:45","slug":"plug-silicona-joya-small","status":"publish","type":"product","link":"https:\/\/www.sexshop.com.ar\/web\/producto\/plug-silicona-joya-small\/","title":{"rendered":"PLUG SILICONA JOYA SMALL"},"content":{"rendered":"<p>Material: Silicona.<br \/>\nTama\u00f1o: S.<br \/>\nDi\u00e1metro: 2,8 cm.<br \/>\nLargo: 7,2 cm.<br \/>\nPeso: 26gr.<\/p>\n","protected":false},"excerpt":{"rendered":"<p>Este plug anal de silicona 100%, est\u00e1 dise\u00f1ado para ofrecerte un sinf\u00edn de sensaciones placenteras.<br \/>\nSu forma c\u00f3nica es ideal para estimularte y ofrecerte orgasmos incre\u00edbles. Adem\u00e1s, su textura lisa extra suave te encantar\u00e1. La punta delgada facilita la inserci\u00f3n del producto ayudando a los que no tienen tanta experiencia.<\/p>\n<p>Funci\u00f3n:<br \/>\n-Adorno, desatando la sensualidad e imaginaci\u00f3n, de quien est\u00e1 viendo.<br \/>\n-Preparaci\u00f3n para el sexo anal, debido al relajamiento de la musculatura interna.<br \/>\n-Deja el canal vaginal m\u00e1s estrecho, ofreciendo m\u00e1s placer para ambos.<\/p>\n","protected":false},"featured_media":7227,"template":"","meta":{"_et_pb_use_builder":"","_et_pb_old_content":"","_et_gb_content_width":"","_joinchat":[]},"product_brand":[],"product_cat":[28],"product_tag":[],"class_list":{"0":"post-7225","1":"product","2":"type-product","3":"status-publish","4":"has-post-thumbnail","6":"product_cat-consoladores-anales","8":"first","9":"instock","10":"shipping-taxable","11":"purchasable","12":"product-type-simple"},"_links":{"self":[{"href":"https:\/\/www.sexshop.com.ar\/web\/wp-json\/wp\/v2\/product\/7225","targetHints":{"allow":["GET"]}}],"collection":[{"href":"https:\/\/www.sexshop.com.ar\/web\/wp-json\/wp\/v2\/product"}],"about":[{"href":"https:\/\/www.sexshop.com.ar\/web\/wp-json\/wp\/v2\/types\/product"}],"wp:featuredmedia":[{"embeddable":true,"href":"https:\/\/www.sexshop.com.ar\/web\/wp-json\/wp\/v2\/media\/7227"}],"wp:attachment":[{"href":"https:\/\/www.sexshop.com.ar\/web\/wp-json\/wp\/v2\/media?parent=7225"}],"wp:term":[{"taxonomy":"product_brand","embeddable":true,"href":"https:\/\/www.sexshop.com.ar\/web\/wp-json\/wp\/v2\/product_brand?post=7225"},{"taxonomy":"product_cat","embeddable":true,"href":"https:\/\/www.sexshop.com.ar\/web\/wp-json\/wp\/v2\/product_cat?post=7225"},{"taxonomy":"product_tag","embeddable":true,"href":"https:\/\/www.sexshop.com.ar\/web\/wp-json\/wp\/v2\/product_tag?post=7225"}],"curies":[{"name":"wp","href":"https:\/\/api.w.org\/{rel}","templated":true}]}}