{"id":7241,"date":"2024-11-11T12:00:05","date_gmt":"2024-11-11T15:00:05","guid":{"rendered":"https:\/\/www.sexshop.com.ar\/web\/?post_type=product&#038;p=7241"},"modified":"2025-06-09T17:13:38","modified_gmt":"2025-06-09T20:13:38","slug":"pezonera-con-vibrador","status":"publish","type":"product","link":"https:\/\/www.sexshop.com.ar\/web\/producto\/pezonera-con-vibrador\/","title":{"rendered":"PEZONERA CON VIBRADOR"},"content":{"rendered":"<p>Multivibraci\u00f3n<\/p>\n<p>Control remoto<\/p>\n<p>Material ABS \/ PVC2<\/p>\n<p>Pilas AA<\/p>\n<p><strong>Medidas:<\/strong>\u00a010,7 cm x 2,5 cm<\/p>\n","protected":false},"excerpt":{"rendered":"<p><strong>BAILE VIBRATING NIPPLE CLAMPS<\/strong><\/p>\n<p>Pinzas de pez\u00f3n vibradoras ideales para quienes gocen de la estimulaci\u00f3n de sus pezones. Este hermoso paquete brinda las pinzas para pezones, acompa\u00f1adas de peque\u00f1as pesas para los pezones y un controlador de vibraci\u00f3n para darle m\u00e1s potencia seg\u00fan tu estado de goce. las puntas de las pinzas est\u00e1n recubiertas con material suave para que solo sientas la vibraciones.<\/p>\n<p><em>Alcanz\u00e1 tu mejor orgasmo \u00a1Disfr\u00fatalo!<\/em><\/p>\n","protected":false},"featured_media":7243,"template":"","meta":{"_et_pb_use_builder":"","_et_pb_old_content":"","_et_gb_content_width":"","_joinchat":[]},"product_brand":[],"product_cat":[32],"product_tag":[],"class_list":{"0":"post-7241","1":"product","2":"type-product","3":"status-publish","4":"has-post-thumbnail","6":"product_cat-ellas","8":"first","9":"instock","10":"sale","11":"shipping-taxable","12":"purchasable","13":"product-type-simple"},"_links":{"self":[{"href":"https:\/\/www.sexshop.com.ar\/web\/wp-json\/wp\/v2\/product\/7241","targetHints":{"allow":["GET"]}}],"collection":[{"href":"https:\/\/www.sexshop.com.ar\/web\/wp-json\/wp\/v2\/product"}],"about":[{"href":"https:\/\/www.sexshop.com.ar\/web\/wp-json\/wp\/v2\/types\/product"}],"wp:featuredmedia":[{"embeddable":true,"href":"https:\/\/www.sexshop.com.ar\/web\/wp-json\/wp\/v2\/media\/7243"}],"wp:attachment":[{"href":"https:\/\/www.sexshop.com.ar\/web\/wp-json\/wp\/v2\/media?parent=7241"}],"wp:term":[{"taxonomy":"product_brand","embeddable":true,"href":"https:\/\/www.sexshop.com.ar\/web\/wp-json\/wp\/v2\/product_brand?post=7241"},{"taxonomy":"product_cat","embeddable":true,"href":"https:\/\/www.sexshop.com.ar\/web\/wp-json\/wp\/v2\/product_cat?post=7241"},{"taxonomy":"product_tag","embeddable":true,"href":"https:\/\/www.sexshop.com.ar\/web\/wp-json\/wp\/v2\/product_tag?post=7241"}],"curies":[{"name":"wp","href":"https:\/\/api.w.org\/{rel}","templated":true}]}}