{"id":7261,"date":"2024-11-18T12:10:16","date_gmt":"2024-11-18T15:10:16","guid":{"rendered":"https:\/\/www.sexshop.com.ar\/web\/?post_type=product&#038;p=7261"},"modified":"2025-12-15T11:58:10","modified_gmt":"2025-12-15T14:58:10","slug":"super-vibro-conejo-usb-recargable","status":"publish","type":"product","link":"https:\/\/www.sexshop.com.ar\/web\/producto\/super-vibro-conejo-usb-recargable\/","title":{"rendered":"SUPER VIBRO CONEJO USB RECARGABLE"},"content":{"rendered":"<p>&nbsp;<\/p>\n<ul>\n<li>Vibrador femenino<\/li>\n<li>Punto G y Cl\u00edtoris<\/li>\n<li>Cosquillas internas<\/li>\n<li>7 funciones de vibraci\u00f3n<\/li>\n<li>3 funciones de cosquilleo<\/li>\n<li>Carga USB<\/li>\n<li>Material: Silicona \/ ABS<\/li>\n<li>Libre de Ftalatos<\/li>\n<\/ul>\n","protected":false},"excerpt":{"rendered":"<p>SKU: ST-103<\/p>\n<p>Este hermoso rabbit es un vibrador femenino dise\u00f1ado para darte el placer del cosquilleo er\u00f3tico. Su cuerpo de silicona super suave es ideal para una experiencia suave y delicada, adem\u00e1s, en su punta, el poder de las cosquillas con 3 modos distintos para tu deleite total. Este rabbit estimula tu Punto G y tu Cl\u00edtoris con 7 modos de vibraci\u00f3n para que sientas que tienes todo el poder sobre tus orgasmos.<\/p>\n","protected":false},"featured_media":7772,"template":"","meta":{"_et_pb_use_builder":"","_et_pb_old_content":"","_et_gb_content_width":"","_joinchat":[]},"product_brand":[],"product_cat":[32,42,18],"product_tag":[],"class_list":{"0":"post-7261","1":"product","2":"type-product","3":"status-publish","4":"has-post-thumbnail","6":"product_cat-ellas","7":"product_cat-novedades","8":"product_cat-vibradores","10":"first","11":"instock","12":"sale","13":"shipping-taxable","14":"purchasable","15":"product-type-simple"},"_links":{"self":[{"href":"https:\/\/www.sexshop.com.ar\/web\/wp-json\/wp\/v2\/product\/7261","targetHints":{"allow":["GET"]}}],"collection":[{"href":"https:\/\/www.sexshop.com.ar\/web\/wp-json\/wp\/v2\/product"}],"about":[{"href":"https:\/\/www.sexshop.com.ar\/web\/wp-json\/wp\/v2\/types\/product"}],"wp:featuredmedia":[{"embeddable":true,"href":"https:\/\/www.sexshop.com.ar\/web\/wp-json\/wp\/v2\/media\/7772"}],"wp:attachment":[{"href":"https:\/\/www.sexshop.com.ar\/web\/wp-json\/wp\/v2\/media?parent=7261"}],"wp:term":[{"taxonomy":"product_brand","embeddable":true,"href":"https:\/\/www.sexshop.com.ar\/web\/wp-json\/wp\/v2\/product_brand?post=7261"},{"taxonomy":"product_cat","embeddable":true,"href":"https:\/\/www.sexshop.com.ar\/web\/wp-json\/wp\/v2\/product_cat?post=7261"},{"taxonomy":"product_tag","embeddable":true,"href":"https:\/\/www.sexshop.com.ar\/web\/wp-json\/wp\/v2\/product_tag?post=7261"}],"curies":[{"name":"wp","href":"https:\/\/api.w.org\/{rel}","templated":true}]}}