{"id":7266,"date":"2024-11-18T12:29:03","date_gmt":"2024-11-18T15:29:03","guid":{"rendered":"https:\/\/www.sexshop.com.ar\/web\/?post_type=product&#038;p=7266"},"modified":"2025-01-27T16:30:26","modified_gmt":"2025-01-27T19:30:26","slug":"usb-vibro","status":"publish","type":"product","link":"https:\/\/www.sexshop.com.ar\/web\/producto\/usb-vibro\/","title":{"rendered":"Consolador Vibrador Doble Masajeador Carga Usb Punto G"},"content":{"rendered":"<p>* Producto hecho de silicona<br \/>\n* Medidas: 20cm x 3cm<br \/>\n* Estimulador de cl\u00edtoris<br \/>\n* Bater\u00eda recargable con cable USB (incluido)<br \/>\n* A prueba de agua<br \/>\n* 10 Funciones de vibraci\u00f3n<\/p>\n","protected":false},"excerpt":{"rendered":"<p>SKU: ST-106<\/p>\n<p>VIBRADOR DOBLE MASAJEADOR CON ANILLO MT-668<\/p>\n<p>Este Vibrador est\u00e1 dise\u00f1ado para brindarte una mayor comodidad gracias a su textura aterciopelada, su forma curvada y su agarre circular.<\/p>\n<p>Su textura extra suave se debe a la silicona de alta calidad m\u00e9dica que se utiliza para su fabricaci\u00f3n. Su forma curvada permite una mejor adaptaci\u00f3n a tu cuerpo y su agarre en forma de anillo te permite estimularte con una comodidad que nunca antes sentiste.<\/p>\n<p>Adem\u00e1s de confortable es seguro, ya que este material no es da\u00f1ino para tu salud. Esta silicona no es porosa y se encuentra libre de ftalatos, por lo que es m\u00e1s higi\u00e9nica y de f\u00e1cil limpieza.<\/p>\n<p>Posee dos motores para estimular tu cl\u00edtoris y la zona interna de la vagina al mismo tiempo, permiti\u00e9ndote alcanzar tu punto G.<\/p>\n<p>Pod\u00e9s elegir entre diez modos e intensidades de vibraci\u00f3n. Desde una suave caricia para empezar, hasta una poderosa vibraci\u00f3n, pasando por excitantes modos alternativos.<\/p>\n<p>Olvidate de las pilas!! Cuenta con conexi\u00f3n USB para su carga. Se completa al m\u00e1ximo en apenas dos horas (la luz intermitente indica que se est\u00e1 cargando y la luz fija que est\u00e1 completa).<\/p>\n<p>Cuenta con tres botones: uno es de encendido y con los otros dos vas recorriendo las diferentes funciones.<\/p>\n<p>&nbsp;<\/p>\n","protected":false},"featured_media":7272,"template":"","meta":{"_et_pb_use_builder":"","_et_pb_old_content":"","_et_gb_content_width":"","_joinchat":[]},"product_brand":[],"product_cat":[32,42,18],"product_tag":[],"class_list":{"0":"post-7266","1":"product","2":"type-product","3":"status-publish","4":"has-post-thumbnail","6":"product_cat-ellas","7":"product_cat-novedades","8":"product_cat-vibradores","10":"first","11":"instock","12":"shipping-taxable","13":"purchasable","14":"product-type-simple"},"_links":{"self":[{"href":"https:\/\/www.sexshop.com.ar\/web\/wp-json\/wp\/v2\/product\/7266","targetHints":{"allow":["GET"]}}],"collection":[{"href":"https:\/\/www.sexshop.com.ar\/web\/wp-json\/wp\/v2\/product"}],"about":[{"href":"https:\/\/www.sexshop.com.ar\/web\/wp-json\/wp\/v2\/types\/product"}],"wp:featuredmedia":[{"embeddable":true,"href":"https:\/\/www.sexshop.com.ar\/web\/wp-json\/wp\/v2\/media\/7272"}],"wp:attachment":[{"href":"https:\/\/www.sexshop.com.ar\/web\/wp-json\/wp\/v2\/media?parent=7266"}],"wp:term":[{"taxonomy":"product_brand","embeddable":true,"href":"https:\/\/www.sexshop.com.ar\/web\/wp-json\/wp\/v2\/product_brand?post=7266"},{"taxonomy":"product_cat","embeddable":true,"href":"https:\/\/www.sexshop.com.ar\/web\/wp-json\/wp\/v2\/product_cat?post=7266"},{"taxonomy":"product_tag","embeddable":true,"href":"https:\/\/www.sexshop.com.ar\/web\/wp-json\/wp\/v2\/product_tag?post=7266"}],"curies":[{"name":"wp","href":"https:\/\/api.w.org\/{rel}","templated":true}]}}