{"id":7294,"date":"2025-01-20T17:12:42","date_gmt":"2025-01-20T20:12:42","guid":{"rendered":"https:\/\/www.sexshop.com.ar\/web\/?post_type=product&#038;p=7294"},"modified":"2025-01-27T11:21:18","modified_gmt":"2025-01-27T14:21:18","slug":"inflable-anal","status":"publish","type":"product","link":"https:\/\/www.sexshop.com.ar\/web\/producto\/inflable-anal\/","title":{"rendered":"Inflable anal"},"content":{"rendered":"<p><strong>Caracter\u00edsticas:<\/strong><\/p>\n<ul>\n<li>Plug anal inflable<\/li>\n<li>Aumenta x 3 su di\u00e1metro.<\/li>\n<li>Bomba inflable<\/li>\n<li>Manguera removible<\/li>\n<li>Bot\u00f3n liberaci\u00f3n de aire<\/li>\n<li>Silicona grado medicinal<\/li>\n<li>Peso: 120 gr.<\/li>\n<li>Seguro al cuerpo<\/li>\n<li>Libre de Ftalatos<\/li>\n<\/ul>\n<p><strong>Medidas:<\/strong>\u00a010,75 cm x 3,25 cm<\/p>\n","protected":false},"excerpt":{"rendered":"<p>Este\u00a0plug anal de silicona inflable permite un juego m\u00e1s libre ya que su tecnolog\u00eda permite que retires la manguera una vez inflado y mantener el aire y el tama\u00f1o. Utiliza la manguera y la bomba de aire para inflar el plug hasta el tama\u00f1o deseado y luego ded\u00edcate a gozar y disfrutar. Para extraerlo, solo debes presionar en el bot\u00f3n de liberaci\u00f3n de aire. Disfruta del estimulante mundo del placer anal, este plug cuenta con la flexibilidad suficiente para doblarse y moverse naturalmente en tu cuerpo. La potente base de ventosa\u00a0es perfecta para un juego creativo de placer<\/p>\n","protected":false},"featured_media":7295,"template":"","meta":{"_et_pb_use_builder":"","_et_pb_old_content":"","_et_gb_content_width":"","_joinchat":[]},"product_brand":[],"product_cat":[28],"product_tag":[],"class_list":{"0":"post-7294","1":"product","2":"type-product","3":"status-publish","4":"has-post-thumbnail","6":"product_cat-consoladores-anales","8":"first","9":"instock","10":"shipping-taxable","11":"purchasable","12":"product-type-simple"},"_links":{"self":[{"href":"https:\/\/www.sexshop.com.ar\/web\/wp-json\/wp\/v2\/product\/7294","targetHints":{"allow":["GET"]}}],"collection":[{"href":"https:\/\/www.sexshop.com.ar\/web\/wp-json\/wp\/v2\/product"}],"about":[{"href":"https:\/\/www.sexshop.com.ar\/web\/wp-json\/wp\/v2\/types\/product"}],"wp:featuredmedia":[{"embeddable":true,"href":"https:\/\/www.sexshop.com.ar\/web\/wp-json\/wp\/v2\/media\/7295"}],"wp:attachment":[{"href":"https:\/\/www.sexshop.com.ar\/web\/wp-json\/wp\/v2\/media?parent=7294"}],"wp:term":[{"taxonomy":"product_brand","embeddable":true,"href":"https:\/\/www.sexshop.com.ar\/web\/wp-json\/wp\/v2\/product_brand?post=7294"},{"taxonomy":"product_cat","embeddable":true,"href":"https:\/\/www.sexshop.com.ar\/web\/wp-json\/wp\/v2\/product_cat?post=7294"},{"taxonomy":"product_tag","embeddable":true,"href":"https:\/\/www.sexshop.com.ar\/web\/wp-json\/wp\/v2\/product_tag?post=7294"}],"curies":[{"name":"wp","href":"https:\/\/api.w.org\/{rel}","templated":true}]}}