{"id":7312,"date":"2025-01-27T12:19:37","date_gmt":"2025-01-27T15:19:37","guid":{"rendered":"https:\/\/www.sexshop.com.ar\/web\/?post_type=product&#038;p=7312"},"modified":"2026-02-23T12:10:39","modified_gmt":"2026-02-23T15:10:39","slug":"hydroxtreme-9-18-23-cm","status":"publish","type":"product","link":"https:\/\/www.sexshop.com.ar\/web\/producto\/hydroxtreme-9-18-23-cm\/","title":{"rendered":"HydroXtreme 9  (18 \u2013 23 cm)"},"content":{"rendered":"<p>Dimensiones: Largo interior 25 cm. Di\u00e1metro 7 cm. Circunferencia 23 cm.<\/p>\n<p>HydroXtreme 9 viene con un bolso negro que contiene:<\/p>\n<ul>\n<li>Bomba de mano y manguera<\/li>\n<li>Correa de ducha con regla para medir<\/li>\n<li>Esponja para limpieza<\/li>\n<li>Toalla<\/li>\n<li>Anillo de goma para base de la hidro-bomba<\/li>\n<\/ul>\n","protected":false},"excerpt":{"rendered":"<h2>La hidrobomba HydroXtreme es la \u00faltima innovaci\u00f3n lanzada con una nueva v\u00e1lvula y bomba de mano desmontable. Es la hidrobomba lejos m\u00e1s confortable para usuarios m\u00e1s exigentes. HydroXtreme es para el hombre que est\u00e1 muy decidido sacar el m\u00e1ximo provecho del entrenamiento del pene. Ning\u00fan otro producto mejora el tama\u00f1o y desempe\u00f1o del pene como HydroXtreme.<\/h2>\n","protected":false},"featured_media":7310,"template":"","meta":{"_et_pb_use_builder":"","_et_pb_old_content":"","_et_gb_content_width":"","_joinchat":[]},"product_brand":[],"product_cat":[31,33],"product_tag":[],"class_list":{"0":"post-7312","1":"product","2":"type-product","3":"status-publish","4":"has-post-thumbnail","6":"product_cat-desarrolladores","7":"product_cat-ellos","9":"first","10":"instock","11":"sale","12":"shipping-taxable","13":"purchasable","14":"product-type-simple"},"_links":{"self":[{"href":"https:\/\/www.sexshop.com.ar\/web\/wp-json\/wp\/v2\/product\/7312","targetHints":{"allow":["GET"]}}],"collection":[{"href":"https:\/\/www.sexshop.com.ar\/web\/wp-json\/wp\/v2\/product"}],"about":[{"href":"https:\/\/www.sexshop.com.ar\/web\/wp-json\/wp\/v2\/types\/product"}],"wp:featuredmedia":[{"embeddable":true,"href":"https:\/\/www.sexshop.com.ar\/web\/wp-json\/wp\/v2\/media\/7310"}],"wp:attachment":[{"href":"https:\/\/www.sexshop.com.ar\/web\/wp-json\/wp\/v2\/media?parent=7312"}],"wp:term":[{"taxonomy":"product_brand","embeddable":true,"href":"https:\/\/www.sexshop.com.ar\/web\/wp-json\/wp\/v2\/product_brand?post=7312"},{"taxonomy":"product_cat","embeddable":true,"href":"https:\/\/www.sexshop.com.ar\/web\/wp-json\/wp\/v2\/product_cat?post=7312"},{"taxonomy":"product_tag","embeddable":true,"href":"https:\/\/www.sexshop.com.ar\/web\/wp-json\/wp\/v2\/product_tag?post=7312"}],"curies":[{"name":"wp","href":"https:\/\/api.w.org\/{rel}","templated":true}]}}