{"id":732,"date":"2018-05-17T11:51:28","date_gmt":"2018-05-17T14:51:28","guid":{"rendered":"https:\/\/www.sexshop.com.ar\/web\/?post_type=product&#038;p=732"},"modified":"2026-04-15T17:26:37","modified_gmt":"2026-04-15T20:26:37","slug":"miss-v-gourmet-cupcake-coco-y-vainilla","status":"publish","type":"product","link":"https:\/\/www.sexshop.com.ar\/web\/producto\/miss-v-gourmet-cupcake-coco-y-vainilla\/","title":{"rendered":"Aceite MISS V GOURMET CUPCAKE (COCO Y VAINILLA)"},"content":{"rendered":"<p>D\u00e9jate acariciar con este exquisito aceite comestible. Su riqu\u00edsimo aroma, sabor y calidez te estimularan para lograr un encuentro irresistible e inolvidable.<\/p>\n<p>Beneficios:<\/p>\n<p>Comestible.<\/p>\n<p>T\u00e9rmico, con un agradable efecto c\u00e1lido tanto en la piel como en la boca.<\/p>\n<p>Hipoalerg\u00e9nico.<\/p>\n<p>Lubricante \u00edntimo.<\/p>\n<p>No mancha, no deja residuos.<\/p>\n<p>Es hidrosoluble, compatible con el uso de preservativos.<\/p>\n<p>Modo de uso:<\/p>\n<p>El masaje es una alternativa m\u00e1s para incrementar la pasi\u00f3n y mejorar la vida sexual en pareja. El principal objetivo de esta pr\u00e1ctica es despertar los sentidos para incitar al deseo. Deber ser cadencioso y de movimientos lentos para potenciar el placer. Es muy \u00fatil en zonas musculosas como caderas, muslos y nalgas. Verter sobre la piel abundante aceite Miss V, levanta, aprieta y enrolla la piel entre el pulgar y los dedos de una mano, desliz\u00e1ndola hacia la otra mano. Si el efecto que quieres tener es m\u00e1s de relajaci\u00f3n hazlo lento y profundo, si deseas m\u00e1s intensidad, s\u00f3lo cambia la velocidad. Podes realizar un masaje tambi\u00e9n con los labios de la boca y la lengua en las zonas m\u00e1s sensibles y disfrutar del exquisito sabor del producto.<\/p>\n<p>Presentaci\u00f3n:<\/p>\n<p>Envase de 30 ml con tapa inviolable.<\/p>\n","protected":false},"excerpt":{"rendered":"<p><strong>L\u00ednea de aceites lubricantes para masajes corporales y lubricaci\u00f3n intima. D\u00e9jate acariciar con este exquisito aceite comestible. Su riqu\u00edsimo aroma, sabor y calidez te estimularan para lograr un encuentro irresistible e inolvidable. Beneficios<\/strong><\/p>\n","protected":false},"featured_media":6289,"template":"","meta":{"_et_pb_use_builder":"","_et_pb_old_content":"","_et_gb_content_width":"","_joinchat":[]},"product_brand":[],"product_cat":[35],"product_tag":[],"class_list":{"0":"post-732","1":"product","2":"type-product","3":"status-publish","4":"has-post-thumbnail","6":"product_cat-geles-y-lubricantes","8":"first","9":"instock","10":"shipping-taxable","11":"purchasable","12":"product-type-simple"},"_links":{"self":[{"href":"https:\/\/www.sexshop.com.ar\/web\/wp-json\/wp\/v2\/product\/732","targetHints":{"allow":["GET"]}}],"collection":[{"href":"https:\/\/www.sexshop.com.ar\/web\/wp-json\/wp\/v2\/product"}],"about":[{"href":"https:\/\/www.sexshop.com.ar\/web\/wp-json\/wp\/v2\/types\/product"}],"wp:featuredmedia":[{"embeddable":true,"href":"https:\/\/www.sexshop.com.ar\/web\/wp-json\/wp\/v2\/media\/6289"}],"wp:attachment":[{"href":"https:\/\/www.sexshop.com.ar\/web\/wp-json\/wp\/v2\/media?parent=732"}],"wp:term":[{"taxonomy":"product_brand","embeddable":true,"href":"https:\/\/www.sexshop.com.ar\/web\/wp-json\/wp\/v2\/product_brand?post=732"},{"taxonomy":"product_cat","embeddable":true,"href":"https:\/\/www.sexshop.com.ar\/web\/wp-json\/wp\/v2\/product_cat?post=732"},{"taxonomy":"product_tag","embeddable":true,"href":"https:\/\/www.sexshop.com.ar\/web\/wp-json\/wp\/v2\/product_tag?post=732"}],"curies":[{"name":"wp","href":"https:\/\/api.w.org\/{rel}","templated":true}]}}