{"id":7352,"date":"2025-02-03T17:18:34","date_gmt":"2025-02-03T20:18:34","guid":{"rendered":"https:\/\/www.sexshop.com.ar\/web\/?post_type=product&#038;p=7352"},"modified":"2025-02-03T17:18:34","modified_gmt":"2025-02-03T20:18:34","slug":"sensor-lover","status":"publish","type":"product","link":"https:\/\/www.sexshop.com.ar\/web\/producto\/sensor-lover\/","title":{"rendered":"Sensor Lover"},"content":{"rendered":"<ul>\n<li>Anillo sensorial<\/li>\n<li>Estimulaci\u00f3n de clitoris<\/li>\n<li>Flexible y se adapta con comodidad al pene<\/li>\n<li>Facilidad para llegar al orgasmo<\/li>\n<li>Material: Silicona<\/li>\n<\/ul>\n<p><strong>Medidas:<\/strong><\/p>\n<ul>\n<li>Total 8 cm x 4,8 cm<\/li>\n<li>Di\u00e1metro: 2,8 cm (Estirable)<\/li>\n<li>Estimulador; 3,5 cm x 2,5 cm<\/li>\n<\/ul>\n","protected":false},"excerpt":{"rendered":"<p><strong>ANILLO ESTIMULADOR<\/strong><\/p>\n<p>Este estimulador se ubica en la base del pene o de tu vibrador, se usa para producir una completa estimulaci\u00f3n clitorial. La opci\u00f3n vibrador garantizar\u00e1 la mayor excitaci\u00f3n. Rodeando tu miembro, este anillo rozara las zonas m\u00e1s er\u00f3genas de tu pareja. El contacto extra que necesitas para acelerar su orgasmo.<\/p>\n","protected":false},"featured_media":7353,"template":"","meta":{"_et_pb_use_builder":"","_et_pb_old_content":"","_et_gb_content_width":"","_joinchat":[]},"product_brand":[],"product_cat":[24,26,33],"product_tag":[],"class_list":{"0":"post-7352","1":"product","2":"type-product","3":"status-publish","4":"has-post-thumbnail","6":"product_cat-accesorios","7":"product_cat-anillos-peneanos","8":"product_cat-ellos","10":"first","11":"instock","12":"shipping-taxable","13":"purchasable","14":"product-type-simple"},"_links":{"self":[{"href":"https:\/\/www.sexshop.com.ar\/web\/wp-json\/wp\/v2\/product\/7352","targetHints":{"allow":["GET"]}}],"collection":[{"href":"https:\/\/www.sexshop.com.ar\/web\/wp-json\/wp\/v2\/product"}],"about":[{"href":"https:\/\/www.sexshop.com.ar\/web\/wp-json\/wp\/v2\/types\/product"}],"wp:featuredmedia":[{"embeddable":true,"href":"https:\/\/www.sexshop.com.ar\/web\/wp-json\/wp\/v2\/media\/7353"}],"wp:attachment":[{"href":"https:\/\/www.sexshop.com.ar\/web\/wp-json\/wp\/v2\/media?parent=7352"}],"wp:term":[{"taxonomy":"product_brand","embeddable":true,"href":"https:\/\/www.sexshop.com.ar\/web\/wp-json\/wp\/v2\/product_brand?post=7352"},{"taxonomy":"product_cat","embeddable":true,"href":"https:\/\/www.sexshop.com.ar\/web\/wp-json\/wp\/v2\/product_cat?post=7352"},{"taxonomy":"product_tag","embeddable":true,"href":"https:\/\/www.sexshop.com.ar\/web\/wp-json\/wp\/v2\/product_tag?post=7352"}],"curies":[{"name":"wp","href":"https:\/\/api.w.org\/{rel}","templated":true}]}}