{"id":7369,"date":"2025-02-10T12:34:32","date_gmt":"2025-02-10T15:34:32","guid":{"rendered":"https:\/\/www.sexshop.com.ar\/web\/?post_type=product&#038;p=7369"},"modified":"2026-02-16T11:59:28","modified_gmt":"2026-02-16T14:59:28","slug":"crema-intensificante-black-dragon","status":"publish","type":"product","link":"https:\/\/www.sexshop.com.ar\/web\/producto\/crema-intensificante-black-dragon\/","title":{"rendered":"Crema intensificante Black Dragon"},"content":{"rendered":"<ul>\n<li>Potencia la erecci\u00f3n.<\/li>\n<li>Compuesta con una exclusiva f\u00f3rmula a base de extractos naturales.<\/li>\n<li>Efecto hielo-fuego\u00a0intenso.<\/li>\n<li>Compatible con preservativos.<\/li>\n<li>Sin parabenos<\/li>\n<\/ul>\n<p><strong>\u00a1Dejate llevar por el fuego del drag\u00f3n!<\/strong><\/p>\n","protected":false},"excerpt":{"rendered":"<p>Crema potenciadora de la erecci\u00f3n que adem\u00e1s sensibiliza el \u00e1rea genital femenina para alcanzar m\u00faltiples orgasmos.<\/p>\n<p>M\u00e1s resistencia, vitalidad y erecciones m\u00e1s intensas son los efectos que la crema otorga a la pareja. La crema ideal para garantizar una relaci\u00f3n sexual de alto voltaje y gran sensibilidad en el que la satisfacci\u00f3n queda m\u00e1s que garantizada gracias a sus vitalizantes efectos.<\/p>\n","protected":false},"featured_media":7370,"template":"","meta":{"_et_pb_use_builder":"","_et_pb_old_content":"","_et_gb_content_width":"","_joinchat":[]},"product_brand":[],"product_cat":[33,36,35],"product_tag":[],"class_list":{"0":"post-7369","1":"product","2":"type-product","3":"status-publish","4":"has-post-thumbnail","6":"product_cat-ellos","7":"product_cat-energizantes","8":"product_cat-geles-y-lubricantes","10":"first","11":"instock","12":"shipping-taxable","13":"purchasable","14":"product-type-simple"},"_links":{"self":[{"href":"https:\/\/www.sexshop.com.ar\/web\/wp-json\/wp\/v2\/product\/7369","targetHints":{"allow":["GET"]}}],"collection":[{"href":"https:\/\/www.sexshop.com.ar\/web\/wp-json\/wp\/v2\/product"}],"about":[{"href":"https:\/\/www.sexshop.com.ar\/web\/wp-json\/wp\/v2\/types\/product"}],"wp:featuredmedia":[{"embeddable":true,"href":"https:\/\/www.sexshop.com.ar\/web\/wp-json\/wp\/v2\/media\/7370"}],"wp:attachment":[{"href":"https:\/\/www.sexshop.com.ar\/web\/wp-json\/wp\/v2\/media?parent=7369"}],"wp:term":[{"taxonomy":"product_brand","embeddable":true,"href":"https:\/\/www.sexshop.com.ar\/web\/wp-json\/wp\/v2\/product_brand?post=7369"},{"taxonomy":"product_cat","embeddable":true,"href":"https:\/\/www.sexshop.com.ar\/web\/wp-json\/wp\/v2\/product_cat?post=7369"},{"taxonomy":"product_tag","embeddable":true,"href":"https:\/\/www.sexshop.com.ar\/web\/wp-json\/wp\/v2\/product_tag?post=7369"}],"curies":[{"name":"wp","href":"https:\/\/api.w.org\/{rel}","templated":true}]}}