{"id":7394,"date":"2025-03-17T12:20:29","date_gmt":"2025-03-17T15:20:29","guid":{"rendered":"https:\/\/www.sexshop.com.ar\/web\/?post_type=product&#038;p=7394"},"modified":"2025-12-22T17:33:49","modified_gmt":"2025-12-22T20:33:49","slug":"vibrador-huevo-usb-recargable","status":"publish","type":"product","link":"https:\/\/www.sexshop.com.ar\/web\/producto\/vibrador-huevo-usb-recargable\/","title":{"rendered":"VIBRADOR HUEVO USB RECARGABLE"},"content":{"rendered":"<ul>\n<li>10 MODOS DE VIBRACI\u00d3N<\/li>\n<li>CONTROL USB RECARGABLE<\/li>\n<\/ul>\n","protected":false},"excerpt":{"rendered":"<div>HUEVO A CONTROL REMOTO<\/div>\n<p>Dale sabor a tu vida sexual y transforma tu forma de pensar sobre los juguetes sexuales con nuestro cl\u00e1sico huevo vibrador.<\/p>\n<div><\/div>\n<div>Esta versi\u00f3n cl\u00e1sica definitiva combina todas las mejores caracter\u00edsticas en un juguete incre\u00edble.<\/div>\n<div><\/div>\n<div>Puede usar el control remoto inal\u00e1mbrico para recorrer 10 modos de vibraci\u00f3n \u00fanicos y poderosos. Totalmente recargable y completamente impermeable.<\/div>\n","protected":false},"featured_media":7395,"template":"","meta":{"_et_pb_use_builder":"","_et_pb_old_content":"","_et_gb_content_width":"","_joinchat":[]},"product_brand":[],"product_cat":[32,37,18],"product_tag":[],"class_list":{"0":"post-7394","1":"product","2":"type-product","3":"status-publish","4":"has-post-thumbnail","6":"product_cat-ellas","7":"product_cat-estimuladores-clitoriales","8":"product_cat-vibradores","10":"first","11":"instock","12":"shipping-taxable","13":"purchasable","14":"product-type-simple"},"_links":{"self":[{"href":"https:\/\/www.sexshop.com.ar\/web\/wp-json\/wp\/v2\/product\/7394","targetHints":{"allow":["GET"]}}],"collection":[{"href":"https:\/\/www.sexshop.com.ar\/web\/wp-json\/wp\/v2\/product"}],"about":[{"href":"https:\/\/www.sexshop.com.ar\/web\/wp-json\/wp\/v2\/types\/product"}],"wp:featuredmedia":[{"embeddable":true,"href":"https:\/\/www.sexshop.com.ar\/web\/wp-json\/wp\/v2\/media\/7395"}],"wp:attachment":[{"href":"https:\/\/www.sexshop.com.ar\/web\/wp-json\/wp\/v2\/media?parent=7394"}],"wp:term":[{"taxonomy":"product_brand","embeddable":true,"href":"https:\/\/www.sexshop.com.ar\/web\/wp-json\/wp\/v2\/product_brand?post=7394"},{"taxonomy":"product_cat","embeddable":true,"href":"https:\/\/www.sexshop.com.ar\/web\/wp-json\/wp\/v2\/product_cat?post=7394"},{"taxonomy":"product_tag","embeddable":true,"href":"https:\/\/www.sexshop.com.ar\/web\/wp-json\/wp\/v2\/product_tag?post=7394"}],"curies":[{"name":"wp","href":"https:\/\/api.w.org\/{rel}","templated":true}]}}