{"id":7397,"date":"2025-03-24T10:52:44","date_gmt":"2025-03-24T13:52:44","guid":{"rendered":"https:\/\/www.sexshop.com.ar\/web\/?post_type=product&#038;p=7397"},"modified":"2025-03-24T10:55:17","modified_gmt":"2025-03-24T13:55:17","slug":"anillo-pretty-love-bunny","status":"publish","type":"product","link":"https:\/\/www.sexshop.com.ar\/web\/producto\/anillo-pretty-love-bunny\/","title":{"rendered":"Anillo Pretty Love Bunny"},"content":{"rendered":"<ul>\n<li>Anillo peneano vibrador<\/li>\n<li>10 Modos de vibraci\u00f3n<\/li>\n<li>Vibraci\u00f3n potente<\/li>\n<li>Di\u00e1metro (Anillo) adaptable, estirable<\/li>\n<li>Silicona suave<\/li>\n<li>Estimulo clitorial, texturado<\/li>\n<li>1 Pila AAA<\/li>\n<li>Seguro al cuerpo<\/li>\n<li>Libre de Ftalatos<\/li>\n<li>Peso: 60 gr.<\/li>\n<\/ul>\n<p><strong>Medidas:<\/strong>\u00a011,3 cm x 5,6 cm<\/p>\n<p><em>Alcanz\u00e1 tu mejor orgasmo \u00a1Disfr\u00fatalo!<\/em><\/p>\n","protected":false},"excerpt":{"rendered":"<p><strong>PRETTY LOVE BUNNY COCK RING\u00a0<\/strong><\/p>\n<p>De la l\u00ednea Vibrating Penis Ring, Pretty Love presenta el Bunny, un anillo vibrador para el pene con estimulador clitorial con forma de conejito, con orejas de silicona y con 10 poderosos modos de vibraci\u00f3n, este anillo no s\u00f3lo har\u00e1 que tu pareja sienta m\u00e1s, sino que prolongar\u00e1 tu erecci\u00f3n y retrasar\u00e1 la eyaculaci\u00f3n para un coito m\u00e1s durarero, duro y sensacional. La bala vibradora utiliza una pila AAA, f\u00e1cil de reemplazar y de utilizar.<\/p>\n","protected":false},"featured_media":0,"template":"","meta":{"_et_pb_use_builder":"","_et_pb_old_content":"","_et_gb_content_width":"","_joinchat":[]},"product_brand":[],"product_cat":[24,26,33],"product_tag":[],"class_list":{"0":"post-7397","1":"product","2":"type-product","3":"status-publish","5":"product_cat-accesorios","6":"product_cat-anillos-peneanos","7":"product_cat-ellos","9":"first","10":"instock","11":"shipping-taxable","12":"purchasable","13":"product-type-simple"},"_links":{"self":[{"href":"https:\/\/www.sexshop.com.ar\/web\/wp-json\/wp\/v2\/product\/7397","targetHints":{"allow":["GET"]}}],"collection":[{"href":"https:\/\/www.sexshop.com.ar\/web\/wp-json\/wp\/v2\/product"}],"about":[{"href":"https:\/\/www.sexshop.com.ar\/web\/wp-json\/wp\/v2\/types\/product"}],"wp:attachment":[{"href":"https:\/\/www.sexshop.com.ar\/web\/wp-json\/wp\/v2\/media?parent=7397"}],"wp:term":[{"taxonomy":"product_brand","embeddable":true,"href":"https:\/\/www.sexshop.com.ar\/web\/wp-json\/wp\/v2\/product_brand?post=7397"},{"taxonomy":"product_cat","embeddable":true,"href":"https:\/\/www.sexshop.com.ar\/web\/wp-json\/wp\/v2\/product_cat?post=7397"},{"taxonomy":"product_tag","embeddable":true,"href":"https:\/\/www.sexshop.com.ar\/web\/wp-json\/wp\/v2\/product_tag?post=7397"}],"curies":[{"name":"wp","href":"https:\/\/api.w.org\/{rel}","templated":true}]}}