{"id":7414,"date":"2025-03-24T11:30:14","date_gmt":"2025-03-24T14:30:14","guid":{"rendered":"https:\/\/www.sexshop.com.ar\/web\/?post_type=product&#038;p=7414"},"modified":"2025-09-01T18:25:51","modified_gmt":"2025-09-01T21:25:51","slug":"lengua-multifuncional-recargable-usb","status":"publish","type":"product","link":"https:\/\/www.sexshop.com.ar\/web\/producto\/lengua-multifuncional-recargable-usb\/","title":{"rendered":"Lengua Besadora de Clitoris RECARGABLE USB"},"content":{"rendered":"<div>\n<div><b>VIBRACI\u00d3N:\u00a0<\/b>10 diferentes ritmos en la lengua.<\/div>\n<div><\/div>\n<div>SILICONA M\u00c9DICA\u00a0+ ABS<\/div>\n<div><\/div>\n<div><b>MEDIDAS:\u00a0<\/b>78 mm x 58 mm x 58 mm<\/div>\n<div><b>\u00a0<\/b><\/div>\n<div><b>PESO:<\/b>\u00a085,1 grs.<\/div>\n<div><\/div>\n<div><b>CARGA MAGN\u00c9TICA CON BASE DE APOYO<\/b><\/div>\n<\/div>\n","protected":false},"excerpt":{"rendered":"<div>El dise\u00f1o ergon\u00f3mico permite que el pez\u00f3n y cl\u00edtoris disfruten de m\u00e1s estimulaci\u00f3n sin da\u00f1ar el cuerpo.<\/div>\n<div><\/div>\n<div>Varias intensidades se pueden ajustar arbitrariamente.<\/div>\n<div><\/div>\n<div>Chupar y agitar, estimulaci\u00f3n m\u00faltiple con\u00a0experiencias emocionantes.<\/div>\n","protected":false},"featured_media":7417,"template":"","meta":{"_et_pb_use_builder":"","_et_pb_old_content":"","_et_gb_content_width":"","_joinchat":[]},"product_brand":[],"product_cat":[32,37,42,18],"product_tag":[],"class_list":{"0":"post-7414","1":"product","2":"type-product","3":"status-publish","4":"has-post-thumbnail","6":"product_cat-ellas","7":"product_cat-estimuladores-clitoriales","8":"product_cat-novedades","9":"product_cat-vibradores","11":"first","12":"instock","13":"shipping-taxable","14":"purchasable","15":"product-type-simple"},"_links":{"self":[{"href":"https:\/\/www.sexshop.com.ar\/web\/wp-json\/wp\/v2\/product\/7414","targetHints":{"allow":["GET"]}}],"collection":[{"href":"https:\/\/www.sexshop.com.ar\/web\/wp-json\/wp\/v2\/product"}],"about":[{"href":"https:\/\/www.sexshop.com.ar\/web\/wp-json\/wp\/v2\/types\/product"}],"wp:featuredmedia":[{"embeddable":true,"href":"https:\/\/www.sexshop.com.ar\/web\/wp-json\/wp\/v2\/media\/7417"}],"wp:attachment":[{"href":"https:\/\/www.sexshop.com.ar\/web\/wp-json\/wp\/v2\/media?parent=7414"}],"wp:term":[{"taxonomy":"product_brand","embeddable":true,"href":"https:\/\/www.sexshop.com.ar\/web\/wp-json\/wp\/v2\/product_brand?post=7414"},{"taxonomy":"product_cat","embeddable":true,"href":"https:\/\/www.sexshop.com.ar\/web\/wp-json\/wp\/v2\/product_cat?post=7414"},{"taxonomy":"product_tag","embeddable":true,"href":"https:\/\/www.sexshop.com.ar\/web\/wp-json\/wp\/v2\/product_tag?post=7414"}],"curies":[{"name":"wp","href":"https:\/\/api.w.org\/{rel}","templated":true}]}}