{"id":7454,"date":"2025-03-24T16:52:45","date_gmt":"2025-03-24T19:52:45","guid":{"rendered":"https:\/\/www.sexshop.com.ar\/web\/?post_type=product&#038;p=7454"},"modified":"2025-03-24T16:53:26","modified_gmt":"2025-03-24T19:53:26","slug":"aceite-para-masajes-efecto-calor-maca-130-ml","status":"publish","type":"product","link":"https:\/\/www.sexshop.com.ar\/web\/producto\/aceite-para-masajes-efecto-calor-maca-130-ml\/","title":{"rendered":"Aceite Para Masajes Efecto Calor &#8211; Maca &#8211; 130 Ml"},"content":{"rendered":"<p><b>CONTIENE: 130ML<\/b><br \/>\n<b>ACEITE MACA<\/b><\/p>\n","protected":false},"excerpt":{"rendered":"<div>SENSUAL MASSAGE!<\/div>\n<div><\/div>\n<div>Este ACEITE Contiene propiedades afrodis\u00edacas de Maca<\/div>\n<div><\/div>\n<div>La maca es una planta de origen peruano que crece en Am\u00e9rica del Sur.<\/div>\n<div><\/div>\n<div>Ya desde la antig\u00fcedad los Incas la utilizaban como un potente afrodis\u00edaco natural, que inclusive era consumido por los guerreros antes de cada batalla.<\/div>\n<div><\/div>\n<div>Est\u00e1 comprobado que tiene un alto poder afrodis\u00edaco, mejora notablemente el deseo sexual tanto en mujeres como en hombres.<\/div>\n<div><\/div>\n<div><b>Tips para un masaje sensual:<\/b><\/div>\n<div><\/div>\n<div>Prepara el ambiente&#8230;<\/div>\n<div><\/div>\n<div>El ambiente adecuado tiene mucha importancia. Por eso, una buena idea es que coloques velas arom\u00e1ticas y pongas m\u00fasica suave y relajante.<\/div>\n<div><\/div>\n<div>Si quieres agregar a\u00fan m\u00e1s romanticismo, no olvides una botella de buen vino y unos chocolates, \u00a1un toque de glamour que a tu pareja le encantar\u00e1! Vamos a hacer el masaje.<\/div>\n<div><\/div>\n<div>Comenz\u00e1 tu masaje sensual<\/div>\n<div><\/div>\n<div>P\u00eddele a tu pareja que se quite la ropa y se acueste boca abajo. Coloca un poco de ACEITE PARA MASAJES SEXITIVE en tus manos y fr\u00f3talas entre s\u00ed para calentarlo. Empieza con movimientos largos de arriba hacia abajo y contin\u00faa por los hombros.<\/div>\n<div><\/div>\n<div>De vez en cuando frota su cuello suavemente.<\/div>\n<div><\/div>\n<div>Cuando ya cubriste toda el \u00e1rea de la espalda, es el momento de los gl\u00fateos y las piernas.<\/div>\n<div><\/div>\n<div>Esta es una zona muy er\u00f3tica, as\u00ed que tenes que ser muy cuidadosa al dar los masajes para que tu pareja no desee tener sexo en ese momento.<\/div>\n<div><\/div>\n<div>Acto seguido llega el turno de las piernas. En este caso deber\u00e1s comenzar por los muslos y seguir hacia las pantorrillas.<\/div>\n<div><\/div>\n<div>Finalmente, llegamos al punto c\u00falmine, que consiste en masajear el pecho de tu pareja. Deber\u00e1s ser suave y utilizar aceite, ya que har\u00e1 que tus manos se deslicen con facilidad.<\/div>\n<div><\/div>\n<div>Quedar\u00e1 encantado y ser\u00e1 el primer paso hacia una noche de pasi\u00f3n inolvidable!<\/div>\n","protected":false},"featured_media":7455,"template":"","meta":{"_et_pb_use_builder":"","_et_pb_old_content":"","_et_gb_content_width":"","_joinchat":[]},"product_brand":[],"product_cat":[35],"product_tag":[],"class_list":{"0":"post-7454","1":"product","2":"type-product","3":"status-publish","4":"has-post-thumbnail","6":"product_cat-geles-y-lubricantes","8":"first","9":"instock","10":"shipping-taxable","11":"purchasable","12":"product-type-simple"},"_links":{"self":[{"href":"https:\/\/www.sexshop.com.ar\/web\/wp-json\/wp\/v2\/product\/7454","targetHints":{"allow":["GET"]}}],"collection":[{"href":"https:\/\/www.sexshop.com.ar\/web\/wp-json\/wp\/v2\/product"}],"about":[{"href":"https:\/\/www.sexshop.com.ar\/web\/wp-json\/wp\/v2\/types\/product"}],"wp:featuredmedia":[{"embeddable":true,"href":"https:\/\/www.sexshop.com.ar\/web\/wp-json\/wp\/v2\/media\/7455"}],"wp:attachment":[{"href":"https:\/\/www.sexshop.com.ar\/web\/wp-json\/wp\/v2\/media?parent=7454"}],"wp:term":[{"taxonomy":"product_brand","embeddable":true,"href":"https:\/\/www.sexshop.com.ar\/web\/wp-json\/wp\/v2\/product_brand?post=7454"},{"taxonomy":"product_cat","embeddable":true,"href":"https:\/\/www.sexshop.com.ar\/web\/wp-json\/wp\/v2\/product_cat?post=7454"},{"taxonomy":"product_tag","embeddable":true,"href":"https:\/\/www.sexshop.com.ar\/web\/wp-json\/wp\/v2\/product_tag?post=7454"}],"curies":[{"name":"wp","href":"https:\/\/api.w.org\/{rel}","templated":true}]}}