{"id":7459,"date":"2025-03-24T17:08:16","date_gmt":"2025-03-24T20:08:16","guid":{"rendered":"https:\/\/www.sexshop.com.ar\/web\/?post_type=product&#038;p=7459"},"modified":"2025-03-24T17:08:16","modified_gmt":"2025-03-24T20:08:16","slug":"vela-para-masajes-crazy-girl-30-gr","status":"publish","type":"product","link":"https:\/\/www.sexshop.com.ar\/web\/producto\/vela-para-masajes-crazy-girl-30-gr\/","title":{"rendered":"Vela para Masajes Crazy Girl &#8211; 30 Gr"},"content":{"rendered":"<p>CONTIENE:\u00a030grs<\/p>\n","protected":false},"excerpt":{"rendered":"<div><b>CANDLE MASSAGE CRAZY GIRL<\/b><\/p>\n<\/div>\n<div>La vela para masajes est\u00e1 formulada con una rica combinaci\u00f3n de aceites naturales y vitaminas que suavizan y nutren la piel.<\/div>\n<div><\/div>\n<div>Al prenderlas y dejarla fundir en su totalidad se transforma en un aceite tibio de masajes que se vuelca sobre tu piel para permitir un delicado y sumamente tibio masaje.<\/div>\n<div><\/div>\n<div>Encend\u00e9 la vela y dej\u00e1 que unos minutos para que se derrita el aceite.<\/div>\n<div><\/div>\n<div>Aplic\u00e1 unas gotas sobre tu cuerpo o el de tu pareja.<\/div>\n<div><\/div>\n<div>Dej\u00e1 volar la imaginaci\u00f3n y masaje\u00e1 sensualmente.<\/div>\n<div><\/div>\n<div>\u00a1Voil\u00e1!<\/div>\n","protected":false},"featured_media":7460,"template":"","meta":{"_et_pb_use_builder":"","_et_pb_old_content":"","_et_gb_content_width":"","_joinchat":[]},"product_brand":[],"product_cat":[25,35],"product_tag":[],"class_list":{"0":"post-7459","1":"product","2":"type-product","3":"status-publish","4":"has-post-thumbnail","6":"product_cat-afrodisiacos","7":"product_cat-geles-y-lubricantes","9":"first","10":"instock","11":"shipping-taxable","12":"purchasable","13":"product-type-simple"},"_links":{"self":[{"href":"https:\/\/www.sexshop.com.ar\/web\/wp-json\/wp\/v2\/product\/7459","targetHints":{"allow":["GET"]}}],"collection":[{"href":"https:\/\/www.sexshop.com.ar\/web\/wp-json\/wp\/v2\/product"}],"about":[{"href":"https:\/\/www.sexshop.com.ar\/web\/wp-json\/wp\/v2\/types\/product"}],"wp:featuredmedia":[{"embeddable":true,"href":"https:\/\/www.sexshop.com.ar\/web\/wp-json\/wp\/v2\/media\/7460"}],"wp:attachment":[{"href":"https:\/\/www.sexshop.com.ar\/web\/wp-json\/wp\/v2\/media?parent=7459"}],"wp:term":[{"taxonomy":"product_brand","embeddable":true,"href":"https:\/\/www.sexshop.com.ar\/web\/wp-json\/wp\/v2\/product_brand?post=7459"},{"taxonomy":"product_cat","embeddable":true,"href":"https:\/\/www.sexshop.com.ar\/web\/wp-json\/wp\/v2\/product_cat?post=7459"},{"taxonomy":"product_tag","embeddable":true,"href":"https:\/\/www.sexshop.com.ar\/web\/wp-json\/wp\/v2\/product_tag?post=7459"}],"curies":[{"name":"wp","href":"https:\/\/api.w.org\/{rel}","templated":true}]}}