{"id":7484,"date":"2025-03-24T18:07:14","date_gmt":"2025-03-24T21:07:14","guid":{"rendered":"https:\/\/www.sexshop.com.ar\/web\/?post_type=product&#038;p=7484"},"modified":"2026-04-20T12:40:02","modified_gmt":"2026-04-20T15:40:02","slug":"pluma-luxury","status":"publish","type":"product","link":"https:\/\/www.sexshop.com.ar\/web\/producto\/pluma-luxury\/","title":{"rendered":"Pluma Luxury"},"content":{"rendered":"<div>\n<div><span style=\"font-family: arial, helvetica, sans-serif; font-size: large;\">SABER DOMINAR EL PLACER D\u00d3CILMENTE ES BDSM<\/span><\/div>\n<\/div>\n<div><\/div>\n<div>Realizada en delicadas plumas con un tallo largo para que cada roce produzca miles de caricias en simult\u00e1neo.<\/div>\n<div><\/div>\n<div><span style=\"font-family: arial, helvetica, sans-serif; font-size: large;\">Su tama\u00f1o es ideal para guardar y disponer de ella f\u00e1cilmente.<\/span><\/div>\n<div><span style=\"font-family: arial, helvetica, sans-serif; font-size: large;\">Adem\u00e1s de tener una manipulaci\u00f3n\u00a0sencilla y c\u00f3moda<\/span><\/div>\n<div><\/div>\n<div>Simple limpieza. Se recomienda no mojar (en su descuido, dejar secar al sol).<\/div>\n","protected":false},"excerpt":{"rendered":"<div>UN ROCE SUAVE EXCITA TANTO COMO UN L\u00c1TIGO<\/div>\n<div><\/div>\n<div>Para explotar de gemidos y jadeos desesperantes&#8230; Motivar los puntos er\u00f3genos m\u00e1s ocultos de tu pareja. Meter esa fantas\u00eda de sentir la piel estremecer de deseos.<\/div>\n<div><\/div>\n<div>Con esta pluma lograr\u00e1s atormentar ese caprichoso cuerpo de tu pareja desesperando por sentir y calentarse mucho m\u00e1s. Imaginando por un siguiente toque a\u00fan m\u00e1s delicioso.<\/div>\n","protected":false},"featured_media":8040,"template":"","meta":{"_et_pb_use_builder":"","_et_pb_old_content":"","_et_gb_content_width":"","_joinchat":[]},"product_brand":[],"product_cat":[45,30],"product_tag":[],"class_list":{"0":"post-7484","1":"product","2":"type-product","3":"status-publish","4":"has-post-thumbnail","6":"product_cat-50-sombras-de-grey","7":"product_cat-cueros","9":"first","10":"instock","11":"shipping-taxable","12":"purchasable","13":"product-type-simple"},"_links":{"self":[{"href":"https:\/\/www.sexshop.com.ar\/web\/wp-json\/wp\/v2\/product\/7484","targetHints":{"allow":["GET"]}}],"collection":[{"href":"https:\/\/www.sexshop.com.ar\/web\/wp-json\/wp\/v2\/product"}],"about":[{"href":"https:\/\/www.sexshop.com.ar\/web\/wp-json\/wp\/v2\/types\/product"}],"wp:featuredmedia":[{"embeddable":true,"href":"https:\/\/www.sexshop.com.ar\/web\/wp-json\/wp\/v2\/media\/8040"}],"wp:attachment":[{"href":"https:\/\/www.sexshop.com.ar\/web\/wp-json\/wp\/v2\/media?parent=7484"}],"wp:term":[{"taxonomy":"product_brand","embeddable":true,"href":"https:\/\/www.sexshop.com.ar\/web\/wp-json\/wp\/v2\/product_brand?post=7484"},{"taxonomy":"product_cat","embeddable":true,"href":"https:\/\/www.sexshop.com.ar\/web\/wp-json\/wp\/v2\/product_cat?post=7484"},{"taxonomy":"product_tag","embeddable":true,"href":"https:\/\/www.sexshop.com.ar\/web\/wp-json\/wp\/v2\/product_tag?post=7484"}],"curies":[{"name":"wp","href":"https:\/\/api.w.org\/{rel}","templated":true}]}}