{"id":7494,"date":"2025-03-24T19:17:44","date_gmt":"2025-03-24T22:17:44","guid":{"rendered":"https:\/\/www.sexshop.com.ar\/web\/?post_type=product&#038;p=7494"},"modified":"2026-02-16T11:13:37","modified_gmt":"2026-02-16T14:13:37","slug":"consolador-macizo-simil-piel-con-sopapa","status":"publish","type":"product","link":"https:\/\/www.sexshop.com.ar\/web\/producto\/consolador-macizo-simil-piel-con-sopapa\/","title":{"rendered":"Consolador Macizo Simil Piel con Sopapa"},"content":{"rendered":"","protected":false},"excerpt":{"rendered":"<p>Juguete sexual Pene con sensaci\u00f3n de piel real. Este dise\u00f1o ofrece una variedad de sensaciones diferentes para una estimulaci\u00f3n m\u00e1xima que se ve y se siente como lo real, adem\u00e1s cuenta con una poderosa sopapa que permite ser utilizado en diferentes posiciones.<\/p>\n","protected":false},"featured_media":7495,"template":"","meta":{"_et_pb_use_builder":"","_et_pb_old_content":"","_et_gb_content_width":"","_joinchat":[]},"product_brand":[],"product_cat":[29],"product_tag":[],"class_list":{"0":"post-7494","1":"product","2":"type-product","3":"status-publish","4":"has-post-thumbnail","6":"product_cat-consoladores-y-dildos","8":"first","9":"instock","10":"sale","11":"shipping-taxable","12":"purchasable","13":"product-type-simple"},"_links":{"self":[{"href":"https:\/\/www.sexshop.com.ar\/web\/wp-json\/wp\/v2\/product\/7494","targetHints":{"allow":["GET"]}}],"collection":[{"href":"https:\/\/www.sexshop.com.ar\/web\/wp-json\/wp\/v2\/product"}],"about":[{"href":"https:\/\/www.sexshop.com.ar\/web\/wp-json\/wp\/v2\/types\/product"}],"wp:featuredmedia":[{"embeddable":true,"href":"https:\/\/www.sexshop.com.ar\/web\/wp-json\/wp\/v2\/media\/7495"}],"wp:attachment":[{"href":"https:\/\/www.sexshop.com.ar\/web\/wp-json\/wp\/v2\/media?parent=7494"}],"wp:term":[{"taxonomy":"product_brand","embeddable":true,"href":"https:\/\/www.sexshop.com.ar\/web\/wp-json\/wp\/v2\/product_brand?post=7494"},{"taxonomy":"product_cat","embeddable":true,"href":"https:\/\/www.sexshop.com.ar\/web\/wp-json\/wp\/v2\/product_cat?post=7494"},{"taxonomy":"product_tag","embeddable":true,"href":"https:\/\/www.sexshop.com.ar\/web\/wp-json\/wp\/v2\/product_tag?post=7494"}],"curies":[{"name":"wp","href":"https:\/\/api.w.org\/{rel}","templated":true}]}}