{"id":7524,"date":"2025-03-31T11:15:03","date_gmt":"2025-03-31T14:15:03","guid":{"rendered":"https:\/\/www.sexshop.com.ar\/web\/?post_type=product&#038;p=7524"},"modified":"2026-04-15T18:16:34","modified_gmt":"2026-04-15T21:16:34","slug":"estimulador-vibrador","status":"publish","type":"product","link":"https:\/\/www.sexshop.com.ar\/web\/producto\/estimulador-vibrador\/","title":{"rendered":"ESTIMULADOR VIBRADOR"},"content":{"rendered":"<p>&nbsp;<\/p>\n<ul>\n<li>Bala vibradora<\/li>\n<li>Delgada<\/li>\n<li>Textura suave<\/li>\n<li>10 Modos de vibraci\u00f3n<\/li>\n<li>1 Pila AAA<\/li>\n<li>Material: ABS<\/li>\n<li>Libre de Ftalatos<\/li>\n<li><b>Medidas:\u00a0<\/b>9,2 cm x 1,8 cm<\/li>\n<\/ul>\n","protected":false},"excerpt":{"rendered":"<p>Peque\u00f1a, una bala vibradora multivelocidad que puedes llevar contigo a donde quieras. Es ideal para aquellas personas que no quieren dispositivos complejos, simplemente un poco de placer f\u00e1cil y sencillo. Tendr\u00e1s para elegir 10 modos de vibraci\u00f3n para encontrar tu orgasmo idea.<\/p>\n","protected":false},"featured_media":7525,"template":"","meta":{"_et_pb_use_builder":"","_et_pb_old_content":"","_et_gb_content_width":"","_joinchat":[]},"product_brand":[],"product_cat":[32,37,23],"product_tag":[],"class_list":{"0":"post-7524","1":"product","2":"type-product","3":"status-publish","4":"has-post-thumbnail","6":"product_cat-ellas","7":"product_cat-estimuladores-clitoriales","8":"product_cat-ofertas","10":"first","11":"instock","12":"shipping-taxable","13":"purchasable","14":"product-type-simple"},"_links":{"self":[{"href":"https:\/\/www.sexshop.com.ar\/web\/wp-json\/wp\/v2\/product\/7524","targetHints":{"allow":["GET"]}}],"collection":[{"href":"https:\/\/www.sexshop.com.ar\/web\/wp-json\/wp\/v2\/product"}],"about":[{"href":"https:\/\/www.sexshop.com.ar\/web\/wp-json\/wp\/v2\/types\/product"}],"wp:featuredmedia":[{"embeddable":true,"href":"https:\/\/www.sexshop.com.ar\/web\/wp-json\/wp\/v2\/media\/7525"}],"wp:attachment":[{"href":"https:\/\/www.sexshop.com.ar\/web\/wp-json\/wp\/v2\/media?parent=7524"}],"wp:term":[{"taxonomy":"product_brand","embeddable":true,"href":"https:\/\/www.sexshop.com.ar\/web\/wp-json\/wp\/v2\/product_brand?post=7524"},{"taxonomy":"product_cat","embeddable":true,"href":"https:\/\/www.sexshop.com.ar\/web\/wp-json\/wp\/v2\/product_cat?post=7524"},{"taxonomy":"product_tag","embeddable":true,"href":"https:\/\/www.sexshop.com.ar\/web\/wp-json\/wp\/v2\/product_tag?post=7524"}],"curies":[{"name":"wp","href":"https:\/\/api.w.org\/{rel}","templated":true}]}}