{"id":7562,"date":"2025-06-09T17:18:27","date_gmt":"2025-06-09T20:18:27","guid":{"rendered":"https:\/\/www.sexshop.com.ar\/web\/?post_type=product&#038;p=7562"},"modified":"2025-09-01T18:22:17","modified_gmt":"2025-09-01T21:22:17","slug":"vibrador-ward-pretty-love-usb","status":"publish","type":"product","link":"https:\/\/www.sexshop.com.ar\/web\/producto\/vibrador-ward-pretty-love-usb\/","title":{"rendered":"Vibrador Ward Pretty Love USB"},"content":{"rendered":"<ul>\n<li>Consolador vibrador femenino<\/li>\n<li>Estimulaci\u00f3n Cl\u00edtoris y Punto G<\/li>\n<li>12 funciones de vibraci\u00f3n<\/li>\n<li>4 funciones de rotaci\u00f3n<\/li>\n<li>Perlas internas (Rotan)<\/li>\n<li>Efecto Sube y Baja<\/li>\n<li>Recargable por USB (Incluye cable)<\/li>\n<li>Silicona suave<\/li>\n<li>Libre de Ftalatos<\/li>\n<\/ul>\n<p><strong>Medidas:\u00a0<\/strong>26 cm x 3,5 cm<\/p>\n","protected":false},"excerpt":{"rendered":"<p><strong>PRETTY LOVE VIBRADOR WARD\u00a0<\/strong><\/p>\n<p>Este vibrador multifunci\u00f3n es simplemente incre\u00edble. Agarramos un vibrador normal, le hemos puesto 12 funciones de vibraci\u00f3n y le hemos dado un giro, y nunca mejor dicho. Este vibrador tiene un cabezal con 4 funciones de rotaci\u00f3n que har\u00e1n que tu mundo no pare de dar vueltas y, para no quedarnos atr\u00e1s, le agregamos la funci\u00f3n de Sube y Baja! Espectacular, para mujeres exigentes.<\/p>\n","protected":false},"featured_media":7728,"template":"","meta":{"_et_pb_use_builder":"","_et_pb_old_content":"","_et_gb_content_width":"","_joinchat":[]},"product_brand":[],"product_cat":[32,42,18],"product_tag":[],"class_list":{"0":"post-7562","1":"product","2":"type-product","3":"status-publish","4":"has-post-thumbnail","6":"product_cat-ellas","7":"product_cat-novedades","8":"product_cat-vibradores","10":"first","11":"instock","12":"sale","13":"shipping-taxable","14":"purchasable","15":"product-type-simple"},"_links":{"self":[{"href":"https:\/\/www.sexshop.com.ar\/web\/wp-json\/wp\/v2\/product\/7562","targetHints":{"allow":["GET"]}}],"collection":[{"href":"https:\/\/www.sexshop.com.ar\/web\/wp-json\/wp\/v2\/product"}],"about":[{"href":"https:\/\/www.sexshop.com.ar\/web\/wp-json\/wp\/v2\/types\/product"}],"wp:featuredmedia":[{"embeddable":true,"href":"https:\/\/www.sexshop.com.ar\/web\/wp-json\/wp\/v2\/media\/7728"}],"wp:attachment":[{"href":"https:\/\/www.sexshop.com.ar\/web\/wp-json\/wp\/v2\/media?parent=7562"}],"wp:term":[{"taxonomy":"product_brand","embeddable":true,"href":"https:\/\/www.sexshop.com.ar\/web\/wp-json\/wp\/v2\/product_brand?post=7562"},{"taxonomy":"product_cat","embeddable":true,"href":"https:\/\/www.sexshop.com.ar\/web\/wp-json\/wp\/v2\/product_cat?post=7562"},{"taxonomy":"product_tag","embeddable":true,"href":"https:\/\/www.sexshop.com.ar\/web\/wp-json\/wp\/v2\/product_tag?post=7562"}],"curies":[{"name":"wp","href":"https:\/\/api.w.org\/{rel}","templated":true}]}}