{"id":7570,"date":"2025-06-09T17:36:39","date_gmt":"2025-06-09T20:36:39","guid":{"rendered":"https:\/\/www.sexshop.com.ar\/web\/?post_type=product&#038;p=7570"},"modified":"2025-06-09T17:36:39","modified_gmt":"2025-06-09T20:36:39","slug":"vagina-masturbadora-pink-lady","status":"publish","type":"product","link":"https:\/\/www.sexshop.com.ar\/web\/producto\/vagina-masturbadora-pink-lady\/","title":{"rendered":"Vagina Masturbadora Pink Lady"},"content":{"rendered":"","protected":false},"excerpt":{"rendered":"<p dir=\"ltr\"><b>PINK LADY TIGHT MASTURBADOR HOMBRE<\/b><\/p>\n<p dir=\"ltr\">Compacto y ultra realista este masturbador que simula una vagina es lo suficientemente peque\u00f1o para ir contigo donde quiera que vayas y aun as\u00ed te dar\u00e1 todo el placer que desees gracias a su t\u00fanel estriado. No te olvides de usar tu lubricante favorito par una noche extra salvaje.<\/p>\n<p dir=\"ltr\"><b>Medidas:\u00a0<\/b>15 cm x 6 cm<\/p>\n","protected":false},"featured_media":7573,"template":"","meta":{"_et_pb_use_builder":"","_et_pb_old_content":"","_et_gb_content_width":"","_joinchat":[]},"product_brand":[],"product_cat":[33,41],"product_tag":[],"class_list":{"0":"post-7570","1":"product","2":"type-product","3":"status-publish","4":"has-post-thumbnail","6":"product_cat-ellos","7":"product_cat-vaginas-munecas-y-munecos","9":"first","10":"instock","11":"shipping-taxable","12":"purchasable","13":"product-type-simple"},"_links":{"self":[{"href":"https:\/\/www.sexshop.com.ar\/web\/wp-json\/wp\/v2\/product\/7570","targetHints":{"allow":["GET"]}}],"collection":[{"href":"https:\/\/www.sexshop.com.ar\/web\/wp-json\/wp\/v2\/product"}],"about":[{"href":"https:\/\/www.sexshop.com.ar\/web\/wp-json\/wp\/v2\/types\/product"}],"wp:featuredmedia":[{"embeddable":true,"href":"https:\/\/www.sexshop.com.ar\/web\/wp-json\/wp\/v2\/media\/7573"}],"wp:attachment":[{"href":"https:\/\/www.sexshop.com.ar\/web\/wp-json\/wp\/v2\/media?parent=7570"}],"wp:term":[{"taxonomy":"product_brand","embeddable":true,"href":"https:\/\/www.sexshop.com.ar\/web\/wp-json\/wp\/v2\/product_brand?post=7570"},{"taxonomy":"product_cat","embeddable":true,"href":"https:\/\/www.sexshop.com.ar\/web\/wp-json\/wp\/v2\/product_cat?post=7570"},{"taxonomy":"product_tag","embeddable":true,"href":"https:\/\/www.sexshop.com.ar\/web\/wp-json\/wp\/v2\/product_tag?post=7570"}],"curies":[{"name":"wp","href":"https:\/\/api.w.org\/{rel}","templated":true}]}}