{"id":7574,"date":"2025-06-09T17:42:36","date_gmt":"2025-06-09T20:42:36","guid":{"rendered":"https:\/\/www.sexshop.com.ar\/web\/?post_type=product&#038;p=7574"},"modified":"2025-06-09T17:42:36","modified_gmt":"2025-06-09T20:42:36","slug":"estimulador-anal-pretty-love","status":"publish","type":"product","link":"https:\/\/www.sexshop.com.ar\/web\/producto\/estimulador-anal-pretty-love\/","title":{"rendered":"Estimulador Anal Pretty Love"},"content":{"rendered":"<ul>\n<li>Plug anal vibrador<\/li>\n<li>12 funciones de vibraci\u00f3n<\/li>\n<li>Estimulaci\u00f3n y dilataci\u00f3n<\/li>\n<li>Dise\u00f1o ergon\u00f3mico<\/li>\n<li>Control remoto y cable<\/li>\n<li>Silicona super suave<\/li>\n<li>2 Pilas AAA (no incluidas)<\/li>\n<li>Libre de Ftalatos<\/li>\n<li>Seguro al cuerpo<\/li>\n<li>Peso:\u00a073 gr.<\/li>\n<\/ul>\n<p><strong>Medidas:\u00a0<\/strong>8,5 cm x 3,1 cm<\/p>\n<p><em>Alcanz\u00e1 tu mejor orgasmo \u00a1Disfr\u00fatalo!<\/em><\/p>\n","protected":false},"excerpt":{"rendered":"<p>Con su forma impactante y cobertura de silicona en su exterior, este nuevo consolador plug anal es perfecto para el juego anal de principiantes o para cualquiera que le guste el placer de juguetes peque\u00f1os. Comienza con una\u00a0punta bien marcada para facilitar la inserci\u00f3n y luego su cuerpo se ensancha a para que sientas cada mil\u00edmetro de su inserci\u00f3n, este juguete se quedar\u00e1 en su lugar mientras juegas con \u00e9l.<\/p>\n","protected":false},"featured_media":7576,"template":"","meta":{"_et_pb_use_builder":"","_et_pb_old_content":"","_et_gb_content_width":"","_joinchat":[]},"product_brand":[],"product_cat":[28],"product_tag":[],"class_list":{"0":"post-7574","1":"product","2":"type-product","3":"status-publish","4":"has-post-thumbnail","6":"product_cat-consoladores-anales","8":"first","9":"instock","10":"shipping-taxable","11":"purchasable","12":"product-type-simple"},"_links":{"self":[{"href":"https:\/\/www.sexshop.com.ar\/web\/wp-json\/wp\/v2\/product\/7574","targetHints":{"allow":["GET"]}}],"collection":[{"href":"https:\/\/www.sexshop.com.ar\/web\/wp-json\/wp\/v2\/product"}],"about":[{"href":"https:\/\/www.sexshop.com.ar\/web\/wp-json\/wp\/v2\/types\/product"}],"wp:featuredmedia":[{"embeddable":true,"href":"https:\/\/www.sexshop.com.ar\/web\/wp-json\/wp\/v2\/media\/7576"}],"wp:attachment":[{"href":"https:\/\/www.sexshop.com.ar\/web\/wp-json\/wp\/v2\/media?parent=7574"}],"wp:term":[{"taxonomy":"product_brand","embeddable":true,"href":"https:\/\/www.sexshop.com.ar\/web\/wp-json\/wp\/v2\/product_brand?post=7574"},{"taxonomy":"product_cat","embeddable":true,"href":"https:\/\/www.sexshop.com.ar\/web\/wp-json\/wp\/v2\/product_cat?post=7574"},{"taxonomy":"product_tag","embeddable":true,"href":"https:\/\/www.sexshop.com.ar\/web\/wp-json\/wp\/v2\/product_tag?post=7574"}],"curies":[{"name":"wp","href":"https:\/\/api.w.org\/{rel}","templated":true}]}}