{"id":7581,"date":"2025-06-09T17:46:41","date_gmt":"2025-06-09T20:46:41","guid":{"rendered":"https:\/\/www.sexshop.com.ar\/web\/?post_type=product&#038;p=7581"},"modified":"2025-06-09T17:46:41","modified_gmt":"2025-06-09T20:46:41","slug":"estimulador-anal-especial-pretty-love","status":"publish","type":"product","link":"https:\/\/www.sexshop.com.ar\/web\/producto\/estimulador-anal-especial-pretty-love\/","title":{"rendered":"Estimulador Anal Especial Pretty Love"},"content":{"rendered":"<ul>\n<li>Estimulaci\u00f3n anal \/ prost\u00e1tica<\/li>\n<li>12 Patrones de Vibraci\u00f3n.<\/li>\n<li>Bolas escalonadas<\/li>\n<li>Control remoto<\/li>\n<li>Impermeable<\/li>\n<li>Silicona y ABS.<\/li>\n<li>2 Pilas AAA (No incluidas)<\/li>\n<li>Libre de Ftalatos<\/li>\n<li>Peso: 80 gr.<\/li>\n<\/ul>\n<p><strong>Medidas:<\/strong>\u00a011,8 cm x 3 cm.<\/p>\n","protected":false},"excerpt":{"rendered":"<p>\u00a1Siente como tu cuerpo se estremece gracias a su suave tacto y especial dise\u00f1o en burbujas! Este vibrador anal y prost\u00e1tico est\u00e1 pensado para la estimulaci\u00f3n del Punto P, sus 12 patrones de vibraci\u00f3n te har\u00e1n disfrutar de experiencias \u00fanicas. Juega con el mando y elige la intensidad para un disfrute total.<\/p>\n","protected":false},"featured_media":7585,"template":"","meta":{"_et_pb_use_builder":"","_et_pb_old_content":"","_et_gb_content_width":"","_joinchat":[]},"product_brand":[],"product_cat":[28,18],"product_tag":[],"class_list":{"0":"post-7581","1":"product","2":"type-product","3":"status-publish","4":"has-post-thumbnail","6":"product_cat-consoladores-anales","7":"product_cat-vibradores","9":"first","10":"instock","11":"shipping-taxable","12":"purchasable","13":"product-type-simple"},"_links":{"self":[{"href":"https:\/\/www.sexshop.com.ar\/web\/wp-json\/wp\/v2\/product\/7581","targetHints":{"allow":["GET"]}}],"collection":[{"href":"https:\/\/www.sexshop.com.ar\/web\/wp-json\/wp\/v2\/product"}],"about":[{"href":"https:\/\/www.sexshop.com.ar\/web\/wp-json\/wp\/v2\/types\/product"}],"wp:featuredmedia":[{"embeddable":true,"href":"https:\/\/www.sexshop.com.ar\/web\/wp-json\/wp\/v2\/media\/7585"}],"wp:attachment":[{"href":"https:\/\/www.sexshop.com.ar\/web\/wp-json\/wp\/v2\/media?parent=7581"}],"wp:term":[{"taxonomy":"product_brand","embeddable":true,"href":"https:\/\/www.sexshop.com.ar\/web\/wp-json\/wp\/v2\/product_brand?post=7581"},{"taxonomy":"product_cat","embeddable":true,"href":"https:\/\/www.sexshop.com.ar\/web\/wp-json\/wp\/v2\/product_cat?post=7581"},{"taxonomy":"product_tag","embeddable":true,"href":"https:\/\/www.sexshop.com.ar\/web\/wp-json\/wp\/v2\/product_tag?post=7581"}],"curies":[{"name":"wp","href":"https:\/\/api.w.org\/{rel}","templated":true}]}}