{"id":7587,"date":"2025-06-09T17:51:01","date_gmt":"2025-06-09T20:51:01","guid":{"rendered":"https:\/\/www.sexshop.com.ar\/web\/?post_type=product&#038;p=7587"},"modified":"2025-06-09T17:51:01","modified_gmt":"2025-06-09T20:51:01","slug":"estimulador-anal-prostatico-pretty-love","status":"publish","type":"product","link":"https:\/\/www.sexshop.com.ar\/web\/producto\/estimulador-anal-prostatico-pretty-love\/","title":{"rendered":"Estimulador Anal Prostatico Pretty Love"},"content":{"rendered":"<ul>\n<li>Consolador vibrador plug anal<\/li>\n<li>Estimulaci\u00f3n anal<\/li>\n<li>12 Patrones de Vibraci\u00f3n.<\/li>\n<li>Dise\u00f1o forma de pene<\/li>\n<li>Control remoto<\/li>\n<li>Impermeable (Salpicaduras)<\/li>\n<li>Silicona y ABS.<\/li>\n<li>2 Pilas AAA (No incluidas)<\/li>\n<li>Libre de Ftalatos<\/li>\n<li>Peso: 80 gr.<\/li>\n<\/ul>\n","protected":false},"excerpt":{"rendered":"<p>\u00a1Siente como tu cuerpo se estremece gracias a su suave tacto y especial dise\u00f1o en forma de pene! Este vibrador anal y prost\u00e1tico est\u00e1 pensado para la estimulaci\u00f3n anal, sus 12 patrones de vibraci\u00f3n te har\u00e1n disfrutar de experiencias \u00fanicas. Juega con el mando a distancia y elige la intensidad para un disfrute total.<\/p>\n","protected":false},"featured_media":7590,"template":"","meta":{"_et_pb_use_builder":"","_et_pb_old_content":"","_et_gb_content_width":"","_joinchat":[]},"product_brand":[],"product_cat":[28,18],"product_tag":[],"class_list":{"0":"post-7587","1":"product","2":"type-product","3":"status-publish","4":"has-post-thumbnail","6":"product_cat-consoladores-anales","7":"product_cat-vibradores","9":"first","10":"instock","11":"shipping-taxable","12":"purchasable","13":"product-type-simple"},"_links":{"self":[{"href":"https:\/\/www.sexshop.com.ar\/web\/wp-json\/wp\/v2\/product\/7587","targetHints":{"allow":["GET"]}}],"collection":[{"href":"https:\/\/www.sexshop.com.ar\/web\/wp-json\/wp\/v2\/product"}],"about":[{"href":"https:\/\/www.sexshop.com.ar\/web\/wp-json\/wp\/v2\/types\/product"}],"wp:featuredmedia":[{"embeddable":true,"href":"https:\/\/www.sexshop.com.ar\/web\/wp-json\/wp\/v2\/media\/7590"}],"wp:attachment":[{"href":"https:\/\/www.sexshop.com.ar\/web\/wp-json\/wp\/v2\/media?parent=7587"}],"wp:term":[{"taxonomy":"product_brand","embeddable":true,"href":"https:\/\/www.sexshop.com.ar\/web\/wp-json\/wp\/v2\/product_brand?post=7587"},{"taxonomy":"product_cat","embeddable":true,"href":"https:\/\/www.sexshop.com.ar\/web\/wp-json\/wp\/v2\/product_cat?post=7587"},{"taxonomy":"product_tag","embeddable":true,"href":"https:\/\/www.sexshop.com.ar\/web\/wp-json\/wp\/v2\/product_tag?post=7587"}],"curies":[{"name":"wp","href":"https:\/\/api.w.org\/{rel}","templated":true}]}}