{"id":7592,"date":"2025-06-09T18:09:56","date_gmt":"2025-06-09T21:09:56","guid":{"rendered":"https:\/\/www.sexshop.com.ar\/web\/?post_type=product&#038;p=7592"},"modified":"2025-06-09T18:11:26","modified_gmt":"2025-06-09T21:11:26","slug":"vagina-masturbadora-lillian","status":"publish","type":"product","link":"https:\/\/www.sexshop.com.ar\/web\/producto\/vagina-masturbadora-lillian\/","title":{"rendered":"Vagina Masturbadora Lillian"},"content":{"rendered":"<ul>\n<li>Masturbador masculino realista<\/li>\n<li>Modelo: Vagina real<\/li>\n<li>Textura interna<\/li>\n<li>Material: Realista<\/li>\n<li>Sin talco, sin olor.<\/li>\n<li>Suave, Estirable<\/li>\n<li>Calce ajustado.<\/li>\n<li>Seguro al cuerpo<\/li>\n<li>Libre de Ftalatos<\/li>\n<\/ul>\n<p><strong>Medidas:\u00a0<\/strong><\/p>\n<ul>\n<li>Masturbador: 13 cm x 6 cm<\/li>\n<\/ul>\n<p><em>Alcanz\u00e1 tu mejor orgasmo \u00a1Disfr\u00fatalo!<\/em><\/p>\n","protected":false},"excerpt":{"rendered":"<p>Compacta, port\u00e1til y asombrosamente realista, este s\u00faper masturbador es una vagina\u00a0con superficie lisa y fresca se siente totalmente incre\u00edble y es lo suficientemente peque\u00f1a como para acompa\u00f1arte\u00a0a cualquier parte. No importa d\u00f3nde est\u00e9s o lo que est\u00e9s haciendo, \u00a1ahora puedes tener una dulce vagina, apretada y jugosa en la palma de tu mano!<\/p>\n","protected":false},"featured_media":7595,"template":"","meta":{"_et_pb_use_builder":"","_et_pb_old_content":"","_et_gb_content_width":"","_joinchat":[]},"product_brand":[],"product_cat":[33,41],"product_tag":[],"class_list":{"0":"post-7592","1":"product","2":"type-product","3":"status-publish","4":"has-post-thumbnail","6":"product_cat-ellos","7":"product_cat-vaginas-munecas-y-munecos","9":"first","10":"instock","11":"shipping-taxable","12":"purchasable","13":"product-type-simple"},"_links":{"self":[{"href":"https:\/\/www.sexshop.com.ar\/web\/wp-json\/wp\/v2\/product\/7592","targetHints":{"allow":["GET"]}}],"collection":[{"href":"https:\/\/www.sexshop.com.ar\/web\/wp-json\/wp\/v2\/product"}],"about":[{"href":"https:\/\/www.sexshop.com.ar\/web\/wp-json\/wp\/v2\/types\/product"}],"wp:featuredmedia":[{"embeddable":true,"href":"https:\/\/www.sexshop.com.ar\/web\/wp-json\/wp\/v2\/media\/7595"}],"wp:attachment":[{"href":"https:\/\/www.sexshop.com.ar\/web\/wp-json\/wp\/v2\/media?parent=7592"}],"wp:term":[{"taxonomy":"product_brand","embeddable":true,"href":"https:\/\/www.sexshop.com.ar\/web\/wp-json\/wp\/v2\/product_brand?post=7592"},{"taxonomy":"product_cat","embeddable":true,"href":"https:\/\/www.sexshop.com.ar\/web\/wp-json\/wp\/v2\/product_cat?post=7592"},{"taxonomy":"product_tag","embeddable":true,"href":"https:\/\/www.sexshop.com.ar\/web\/wp-json\/wp\/v2\/product_tag?post=7592"}],"curies":[{"name":"wp","href":"https:\/\/api.w.org\/{rel}","templated":true}]}}