{"id":7612,"date":"2025-06-09T18:32:54","date_gmt":"2025-06-09T21:32:54","guid":{"rendered":"https:\/\/www.sexshop.com.ar\/web\/?post_type=product&#038;p=7612"},"modified":"2025-09-01T17:22:52","modified_gmt":"2025-09-01T20:22:52","slug":"triple-estimulacion-ultra-suave","status":"publish","type":"product","link":"https:\/\/www.sexshop.com.ar\/web\/producto\/triple-estimulacion-ultra-suave\/","title":{"rendered":"Anillo Triple Estimulaci\u00f3n Ultra Suave"},"content":{"rendered":"<ul>\n<li>Consolador realista para doble penetraci\u00f3n<\/li>\n<li>Anillo para pene y test\u00edculo para sujetaci\u00f3n<\/li>\n<li>Bala vibradora de 10 velocidades<\/li>\n<li>Suave, flexible para una mejor y m\u00e1s duradera erecci\u00f3n<\/li>\n<li>Cuerpo texturado con venas y glande.<\/li>\n<li>Anillo suave y estirable para calzar a la mayor\u00eda de los hombres.<\/li>\n<li>Ideal para estrenamiento anal.<\/li>\n<li>Material: TPE suave.<\/li>\n<li>3 Pilas LR41 (No incluidas)<\/li>\n<li>Seguro al cuerpo<\/li>\n<li>Libre de Ftalatos<\/li>\n<li>Peso: 135 gr.<\/li>\n<\/ul>\n<p><strong>Medidas:<\/strong>\u00a015,8 cm x 2,9 cm<\/p>\n","protected":false},"excerpt":{"rendered":"<p>Duplic\u00e1\u00a0su placer con este consolador anal vibrador realista con correa.\u00a0Asegura\u00a0el\u00a0anillo para\u00a0el pene y los test\u00edculos para un impulso instant\u00e1neo de su erecci\u00f3n, luego insert\u00e1 el consolador\u00a0hacia su ano poniendo toda tu atenci\u00f3n\u00a0en su otro punto dulce.\u00a0Hecho de TPE suave y flexible, con una bala vibradora de 10 velocidades en la base que es perfecta para el\u00a0 entrenamiento anal y juego de doble penetraci\u00f3n.\u00a0Asegurate\u00a0cubrir el eje con tu\u00a0lubricante anal favorito para obtener el m\u00e1ximo placer y comodidad.<\/p>\n","protected":false},"featured_media":7614,"template":"","meta":{"_et_pb_use_builder":"","_et_pb_old_content":"","_et_gb_content_width":"","_joinchat":[]},"product_brand":[],"product_cat":[26,33,18],"product_tag":[],"class_list":{"0":"post-7612","1":"product","2":"type-product","3":"status-publish","4":"has-post-thumbnail","6":"product_cat-anillos-peneanos","7":"product_cat-ellos","8":"product_cat-vibradores","10":"first","11":"instock","12":"shipping-taxable","13":"purchasable","14":"product-type-simple"},"_links":{"self":[{"href":"https:\/\/www.sexshop.com.ar\/web\/wp-json\/wp\/v2\/product\/7612","targetHints":{"allow":["GET"]}}],"collection":[{"href":"https:\/\/www.sexshop.com.ar\/web\/wp-json\/wp\/v2\/product"}],"about":[{"href":"https:\/\/www.sexshop.com.ar\/web\/wp-json\/wp\/v2\/types\/product"}],"wp:featuredmedia":[{"embeddable":true,"href":"https:\/\/www.sexshop.com.ar\/web\/wp-json\/wp\/v2\/media\/7614"}],"wp:attachment":[{"href":"https:\/\/www.sexshop.com.ar\/web\/wp-json\/wp\/v2\/media?parent=7612"}],"wp:term":[{"taxonomy":"product_brand","embeddable":true,"href":"https:\/\/www.sexshop.com.ar\/web\/wp-json\/wp\/v2\/product_brand?post=7612"},{"taxonomy":"product_cat","embeddable":true,"href":"https:\/\/www.sexshop.com.ar\/web\/wp-json\/wp\/v2\/product_cat?post=7612"},{"taxonomy":"product_tag","embeddable":true,"href":"https:\/\/www.sexshop.com.ar\/web\/wp-json\/wp\/v2\/product_tag?post=7612"}],"curies":[{"name":"wp","href":"https:\/\/api.w.org\/{rel}","templated":true}]}}