{"id":7619,"date":"2025-06-09T18:40:12","date_gmt":"2025-06-09T21:40:12","guid":{"rendered":"https:\/\/www.sexshop.com.ar\/web\/?post_type=product&#038;p=7619"},"modified":"2025-08-04T12:15:26","modified_gmt":"2025-08-04T15:15:26","slug":"satisfyer-double-classic","status":"publish","type":"product","link":"https:\/\/www.sexshop.com.ar\/web\/producto\/satisfyer-double-classic\/","title":{"rendered":"Satisfyer Double Classic"},"content":{"rendered":"<ul>\n<li>Vibrador para parejas<\/li>\n<li>Estimulo cl\u00edtoris y Punto G<\/li>\n<li>Motor potente y silencioso<\/li>\n<li>10 programas de vibraci\u00f3n<\/li>\n<li>Apto uso durante penetraci\u00f3n<\/li>\n<li>Recargable USB (Cable magn\u00e9tico)<\/li>\n<li>Silicona grado medicinal<\/li>\n<li>Impermeable IPX7<\/li>\n<li>Peso: 52 gr<\/li>\n<li>Premio de dise\u00f1o 2017<\/li>\n<li>Seguro al cuerpo<\/li>\n<li>Libre de Ftalatos<\/li>\n<\/ul>\n<p><strong>Medidas:<\/strong><\/p>\n<ul>\n<li>Largo: 9,5 cm<\/li>\n<li>Alto: 6,7 cm<\/li>\n<li>Ancho: 3,5 cm<\/li>\n<\/ul>\n","protected":false},"excerpt":{"rendered":"<p><strong>SATISFYER PARTNER DOUBLE CLASSIC<\/strong><\/p>\n<p>Un placer a\u00fan m\u00e1s intenso durante el juego amoroso gracias a la estimulaci\u00f3n simult\u00e1nea.\u00a0Las excitantes vibraciones tambi\u00e9n se transmiten al lado m\u00e1s fino, el que se introduce en la vagina. Esto no solo provoca en tu chico una excitante sensaci\u00f3n de estrechez, sino que tambi\u00e9n le transmite \u00abbuenas vibraciones\u00bb, algo que su pene tambi\u00e9n agradecer\u00e1. Y mucho. Al ser resistente al agua, tambi\u00e9n podr\u00e1s disfrutar de los placeres de este juguete en la ducha.<\/p>\n","protected":false},"featured_media":7620,"template":"","meta":{"_et_pb_use_builder":"","_et_pb_old_content":"","_et_gb_content_width":"","_joinchat":[]},"product_brand":[],"product_cat":[32,37,18],"product_tag":[],"class_list":{"0":"post-7619","1":"product","2":"type-product","3":"status-publish","4":"has-post-thumbnail","6":"product_cat-ellas","7":"product_cat-estimuladores-clitoriales","8":"product_cat-vibradores","10":"first","11":"instock","12":"shipping-taxable","13":"purchasable","14":"product-type-simple"},"_links":{"self":[{"href":"https:\/\/www.sexshop.com.ar\/web\/wp-json\/wp\/v2\/product\/7619","targetHints":{"allow":["GET"]}}],"collection":[{"href":"https:\/\/www.sexshop.com.ar\/web\/wp-json\/wp\/v2\/product"}],"about":[{"href":"https:\/\/www.sexshop.com.ar\/web\/wp-json\/wp\/v2\/types\/product"}],"wp:featuredmedia":[{"embeddable":true,"href":"https:\/\/www.sexshop.com.ar\/web\/wp-json\/wp\/v2\/media\/7620"}],"wp:attachment":[{"href":"https:\/\/www.sexshop.com.ar\/web\/wp-json\/wp\/v2\/media?parent=7619"}],"wp:term":[{"taxonomy":"product_brand","embeddable":true,"href":"https:\/\/www.sexshop.com.ar\/web\/wp-json\/wp\/v2\/product_brand?post=7619"},{"taxonomy":"product_cat","embeddable":true,"href":"https:\/\/www.sexshop.com.ar\/web\/wp-json\/wp\/v2\/product_cat?post=7619"},{"taxonomy":"product_tag","embeddable":true,"href":"https:\/\/www.sexshop.com.ar\/web\/wp-json\/wp\/v2\/product_tag?post=7619"}],"curies":[{"name":"wp","href":"https:\/\/api.w.org\/{rel}","templated":true}]}}