{"id":7626,"date":"2025-06-16T12:37:00","date_gmt":"2025-06-16T15:37:00","guid":{"rendered":"https:\/\/www.sexshop.com.ar\/web\/?post_type=product&#038;p=7626"},"modified":"2025-12-15T11:22:47","modified_gmt":"2025-12-15T14:22:47","slug":"masajeador-prostatico-usb","status":"publish","type":"product","link":"https:\/\/www.sexshop.com.ar\/web\/producto\/masajeador-prostatico-usb\/","title":{"rendered":"MASAJEADOR PROSTATICO USB"},"content":{"rendered":"<p>Diversi\u00f3n libre de manos: este vibrador anal tiene un alcance de 10 metros que lo hace todo mas divertido, ya sea solo o en pareja ofrece m\u00e1s posibilidades para juegos sexuales, siempre que desees, puedes disfrutar de juegos sexuales en la cama, en las escaleras, en el bosque, en el r\u00edo, en el coche, en la oficina o en cualquier lado que se te ocurra.<br \/>\nRecargable: ya no necesitas pilas porque el tap\u00f3n anal de la silicona est\u00e1 equipado con una bater\u00eda recargable. Se puede cargar a trav\u00e9s del cable de carga USB incluido. PERO impermeable, tambi\u00e9n puede disfrutar en la ducha del orgasmo explosivo. Carga completamente en solo 2 horas.<\/p>\n","protected":false},"excerpt":{"rendered":"<p>Cuenta con un dise\u00f1o liso que lo hace c\u00f3modo en cualquier \u00e1ngulo, por lo que puedes estimular tus zonas m\u00e1s sensibles sin esfuerzo con precisi\u00f3n. Cuando se usa en hombres, estimula eficazmente la pr\u00f3stata, punto P y el perineo. \u00bfLas mujeres? Estimula el punto G con la misma eficazia.<br \/>\nEn hombres es un estimulador de pr\u00f3stata con un dise\u00f1o flexible que puede comenzar la diversi\u00f3n correctamente, viene con anillo de pene flexible, estimula la pr\u00f3stata y los test\u00edculos con 10 modos de vibraci\u00f3n.<\/p>\n<p>En las mujeres puede estimular los pezones y el cl\u00edtoris caus\u00e1ndole tal placer que la llevara al cielo.<\/p>\n<p>&nbsp;<\/p>\n","protected":false},"featured_media":7628,"template":"","meta":{"_et_pb_use_builder":"","_et_pb_old_content":"","_et_gb_content_width":"","_joinchat":[]},"product_brand":[],"product_cat":[28,33,18],"product_tag":[],"class_list":{"0":"post-7626","1":"product","2":"type-product","3":"status-publish","4":"has-post-thumbnail","6":"product_cat-consoladores-anales","7":"product_cat-ellos","8":"product_cat-vibradores","10":"first","11":"instock","12":"shipping-taxable","13":"purchasable","14":"product-type-simple"},"_links":{"self":[{"href":"https:\/\/www.sexshop.com.ar\/web\/wp-json\/wp\/v2\/product\/7626","targetHints":{"allow":["GET"]}}],"collection":[{"href":"https:\/\/www.sexshop.com.ar\/web\/wp-json\/wp\/v2\/product"}],"about":[{"href":"https:\/\/www.sexshop.com.ar\/web\/wp-json\/wp\/v2\/types\/product"}],"wp:featuredmedia":[{"embeddable":true,"href":"https:\/\/www.sexshop.com.ar\/web\/wp-json\/wp\/v2\/media\/7628"}],"wp:attachment":[{"href":"https:\/\/www.sexshop.com.ar\/web\/wp-json\/wp\/v2\/media?parent=7626"}],"wp:term":[{"taxonomy":"product_brand","embeddable":true,"href":"https:\/\/www.sexshop.com.ar\/web\/wp-json\/wp\/v2\/product_brand?post=7626"},{"taxonomy":"product_cat","embeddable":true,"href":"https:\/\/www.sexshop.com.ar\/web\/wp-json\/wp\/v2\/product_cat?post=7626"},{"taxonomy":"product_tag","embeddable":true,"href":"https:\/\/www.sexshop.com.ar\/web\/wp-json\/wp\/v2\/product_tag?post=7626"}],"curies":[{"name":"wp","href":"https:\/\/api.w.org\/{rel}","templated":true}]}}