{"id":7639,"date":"2025-08-04T11:45:25","date_gmt":"2025-08-04T14:45:25","guid":{"rendered":"https:\/\/www.sexshop.com.ar\/web\/?post_type=product&#038;p=7639"},"modified":"2026-02-09T10:43:34","modified_gmt":"2026-02-09T13:43:34","slug":"esposas-livianas-de-metal-con-peluche","status":"publish","type":"product","link":"https:\/\/www.sexshop.com.ar\/web\/producto\/esposas-livianas-de-metal-con-peluche\/","title":{"rendered":"ESPOSAS LIVIANAS DE METAL CON PELUCHE"},"content":{"rendered":"<p>Cl\u00e1sicas esposas de metal cubiertas de peluche para mayor comodidad. Viene con llaves y traba de seguridad incluida. Regulables.<\/p>\n<ul class=\"ui-vpp-highlighted-specs__features-list\">\n<li class=\"ui-vpp-highlighted-specs__features-list-item ui-pdp-color--BLACK ui-pdp-size--XSMALL ui-pdp-family--REGULAR\">Con inmovilizador.<\/li>\n<li class=\"ui-vpp-highlighted-specs__features-list-item ui-pdp-color--BLACK ui-pdp-size--XSMALL ui-pdp-family--REGULAR\">Tipo de eslab\u00f3n: cadena.<\/li>\n<li class=\"ui-vpp-highlighted-specs__features-list-item ui-pdp-color--BLACK ui-pdp-size--XSMALL ui-pdp-family--REGULAR\">Con traba de seguridad.<\/li>\n<li class=\"ui-vpp-highlighted-specs__features-list-item ui-pdp-color--BLACK ui-pdp-size--XSMALL ui-pdp-family--REGULAR\">Incluye llave.<\/li>\n<\/ul>\n","protected":false},"excerpt":{"rendered":"<p>Las esposas de metal con peluche son un accesorio para juegos \u00edntimos que a\u00f1aden un toque de emoci\u00f3n. Permiten inmovilizar y restringir el movimiento, explorando as\u00ed el castigo y las recompensas en el \u00e1mbito sexual. Son ajustables y adecuadas para diferentes tama\u00f1os de mu\u00f1ecas. El peluche que las recubre evita dejar marcas y puede ser retirado si se prefiere una sensaci\u00f3n m\u00e1s firme. La cadena corta limita la movilidad de las manos, manteniendo a la persona sujeta. Incluyen una palanca especial para liberarse en caso de p\u00e9rdida de las llaves.<\/p>\n","protected":false},"featured_media":7640,"template":"","meta":{"_et_pb_use_builder":"","_et_pb_old_content":"","_et_gb_content_width":"","_joinchat":[]},"product_brand":[],"product_cat":[45,24,30],"product_tag":[],"class_list":{"0":"post-7639","1":"product","2":"type-product","3":"status-publish","4":"has-post-thumbnail","6":"product_cat-50-sombras-de-grey","7":"product_cat-accesorios","8":"product_cat-cueros","10":"first","11":"instock","12":"sale","13":"shipping-taxable","14":"purchasable","15":"product-type-simple"},"_links":{"self":[{"href":"https:\/\/www.sexshop.com.ar\/web\/wp-json\/wp\/v2\/product\/7639","targetHints":{"allow":["GET"]}}],"collection":[{"href":"https:\/\/www.sexshop.com.ar\/web\/wp-json\/wp\/v2\/product"}],"about":[{"href":"https:\/\/www.sexshop.com.ar\/web\/wp-json\/wp\/v2\/types\/product"}],"wp:featuredmedia":[{"embeddable":true,"href":"https:\/\/www.sexshop.com.ar\/web\/wp-json\/wp\/v2\/media\/7640"}],"wp:attachment":[{"href":"https:\/\/www.sexshop.com.ar\/web\/wp-json\/wp\/v2\/media?parent=7639"}],"wp:term":[{"taxonomy":"product_brand","embeddable":true,"href":"https:\/\/www.sexshop.com.ar\/web\/wp-json\/wp\/v2\/product_brand?post=7639"},{"taxonomy":"product_cat","embeddable":true,"href":"https:\/\/www.sexshop.com.ar\/web\/wp-json\/wp\/v2\/product_cat?post=7639"},{"taxonomy":"product_tag","embeddable":true,"href":"https:\/\/www.sexshop.com.ar\/web\/wp-json\/wp\/v2\/product_tag?post=7639"}],"curies":[{"name":"wp","href":"https:\/\/api.w.org\/{rel}","templated":true}]}}