{"id":7645,"date":"2025-08-04T11:55:26","date_gmt":"2025-08-04T14:55:26","guid":{"rendered":"https:\/\/www.sexshop.com.ar\/web\/?post_type=product&#038;p=7645"},"modified":"2026-02-16T11:08:15","modified_gmt":"2026-02-16T14:08:15","slug":"anillo-vibrador-kevin-usb-recargable","status":"publish","type":"product","link":"https:\/\/www.sexshop.com.ar\/web\/producto\/anillo-vibrador-kevin-usb-recargable\/","title":{"rendered":"ANILLO VIBRADOR KEVIN USB RECARGABLE"},"content":{"rendered":"<ul>\n<li class=\"p1\"><span class=\"s1\">Silicona 100% pura + ABS.<span class=\"Apple-converted-space\">\u00a0 \u00a0 \u00a0 \u00a0 \u00a0 \u00a0 \u00a0 \u00a0 \u00a0 \u00a0 \u00a0 \u00a0 \u00a0 \u00a0<\/span><\/span><\/li>\n<li class=\"p1\"><span class=\"s1\">3 modos de vibraci\u00f3n lineal.<span class=\"Apple-converted-space\">\u00a0 \u00a0 \u00a0 \u00a0 \u00a0 \u00a0 \u00a0 \u00a0 \u00a0 \u00a0 \u00a0 \u00a0<\/span><\/span><\/li>\n<li class=\"p1\"><span class=\"s1\">7 ritmos diferentes de vibraci\u00f3n.<\/span><\/li>\n<li class=\"p1\"><span class=\"s1\">Recargable.<\/span><\/li>\n<li class=\"p1\"><span class=\"s1\">Incluye cable de carga.\u00a0<\/span><\/li>\n<li class=\"p1\"><span class=\"s1\">Diametro 3cm &#8211; Longitud 9 cm.\u00a0<\/span><\/li>\n<\/ul>\n","protected":false},"excerpt":{"rendered":"<p><span class=\"s1\"><strong>KEVIN\u00a0<\/strong>mantiene la erecci\u00f3n del pene y retarda<span class=\"Apple-converted-space\">\u00a0\u00a0<\/span>la eyaculaci\u00f3n. Colocado en la base del pene logra darle firmeza<span class=\"Apple-converted-space\">\u00a0\u00a0<\/span>evitando la disfunci\u00f3n<span class=\"Apple-converted-space\">\u00a0\u00a0<\/span>y a su vez<span class=\"Apple-converted-space\">\u00a0\u00a0<\/span>estimulando cl\u00edtoris con el roce por medio de la penetraci\u00f3n.<\/span><\/p>\n<p><span class=\"s1\">Su<span class=\"Apple-converted-space\">\u00a0<\/span>motor interno es muy potente, su <\/span><span class=\"s1\">dise\u00f1o con leng\u00fcitas que rotan har\u00e1 que<span class=\"Apple-converted-space\">\u00a0<\/span>roce perfectamente con el cl\u00edtoris de una manera muy diferente y estimulante.<\/span><\/p>\n","protected":false},"featured_media":7646,"template":"","meta":{"_et_pb_use_builder":"","_et_pb_old_content":"","_et_gb_content_width":"","_joinchat":[]},"product_brand":[],"product_cat":[26],"product_tag":[],"class_list":{"0":"post-7645","1":"product","2":"type-product","3":"status-publish","4":"has-post-thumbnail","6":"product_cat-anillos-peneanos","8":"first","9":"instock","10":"shipping-taxable","11":"purchasable","12":"product-type-simple"},"_links":{"self":[{"href":"https:\/\/www.sexshop.com.ar\/web\/wp-json\/wp\/v2\/product\/7645","targetHints":{"allow":["GET"]}}],"collection":[{"href":"https:\/\/www.sexshop.com.ar\/web\/wp-json\/wp\/v2\/product"}],"about":[{"href":"https:\/\/www.sexshop.com.ar\/web\/wp-json\/wp\/v2\/types\/product"}],"wp:featuredmedia":[{"embeddable":true,"href":"https:\/\/www.sexshop.com.ar\/web\/wp-json\/wp\/v2\/media\/7646"}],"wp:attachment":[{"href":"https:\/\/www.sexshop.com.ar\/web\/wp-json\/wp\/v2\/media?parent=7645"}],"wp:term":[{"taxonomy":"product_brand","embeddable":true,"href":"https:\/\/www.sexshop.com.ar\/web\/wp-json\/wp\/v2\/product_brand?post=7645"},{"taxonomy":"product_cat","embeddable":true,"href":"https:\/\/www.sexshop.com.ar\/web\/wp-json\/wp\/v2\/product_cat?post=7645"},{"taxonomy":"product_tag","embeddable":true,"href":"https:\/\/www.sexshop.com.ar\/web\/wp-json\/wp\/v2\/product_tag?post=7645"}],"curies":[{"name":"wp","href":"https:\/\/api.w.org\/{rel}","templated":true}]}}