{"id":7649,"date":"2025-08-04T11:59:55","date_gmt":"2025-08-04T14:59:55","guid":{"rendered":"https:\/\/www.sexshop.com.ar\/web\/?post_type=product&#038;p=7649"},"modified":"2025-08-04T12:00:34","modified_gmt":"2025-08-04T15:00:34","slug":"succionador-vibrador-luxury-6-usb-recargable","status":"publish","type":"product","link":"https:\/\/www.sexshop.com.ar\/web\/producto\/succionador-vibrador-luxury-6-usb-recargable\/","title":{"rendered":"SUCCIONADOR VIBRADOR LUXURY 6 USB RECARGABLE"},"content":{"rendered":"<p class=\"p2\"><span class=\"s1\">\u2022 Silicona 100% pura + ABS.<\/span><\/p>\n<p class=\"p2\"><span class=\"s1\">\u2022 100% Libre de Fthalatos.<\/span><\/p>\n<p class=\"p2\"><span class=\"s1\">\u2022 Hipo alerg\u00e9nico.<\/span><\/p>\n<p class=\"p2\"><span class=\"s1\">\u2022 Libre de l\u00e1tex<\/span><\/p>\n<p class=\"p2\"><span class=\"s1\">\u2022 2 Motores.<\/span><\/p>\n<p class=\"p2\"><span class=\"s1\">\u2022 10 frecuencias de impacto.<\/span><\/p>\n<p class=\"p2\"><span class=\"s1\">\u2022 5 modos de ondas de presi\u00f3n de aire.<\/span><\/p>\n<p class=\"p2\"><span class=\"s1\">\u2022 2 botones de encendido.<\/span><\/p>\n<p class=\"p2\"><span class=\"s1\">\u2022 Bater\u00eda de Litio.<\/span><\/p>\n<p class=\"p2\"><span class=\"s1\">\u2022 Medidas: 4.4 cm *4.1cm.<\/span><\/p>\n<p class=\"p2\"><span class=\"s1\">\u2022 Peso: 247 gr.<\/span><\/p>\n<p class=\"p2\"><span class=\"s1\">\u2022 Recargable. Incluye cable de carga.<\/span><\/p>\n<p class=\"p2\"><span class=\"s1\">\u2022 Capacidad de bater\u00eda: aprox. 45 m.<\/span><\/p>\n<p class=\"p2\"><span class=\"s1\">\u2022 Tiempo de carga: 1.5 hs.<\/span><\/p>\n<p class=\"p2\"><span class=\"s1\">\u2022 Impermeable. No sumergible.<\/span><\/p>\n","protected":false},"excerpt":{"rendered":"<div class=\"product-info-stock-sku\">\n<div class=\"product attribute sku\">\n<div class=\"value\"><\/div>\n<\/div>\n<\/div>\n<div class=\"product attribute overview\">\n<div class=\"value\">\n<p class=\"p1\"><span class=\"s1\">Este juguete tiene como dise\u00f1o principal en el osito un mecanismo de ondas de presi\u00f3n de aire para estimular cl\u00edtoris y en su otro extremo un dispositivo delgado que se mueve vibrando, palpitando y pulsaci\u00f3n de frecuencia de impacto para penetrar en ano o vagina, haciendo de esto una doble estimulaci\u00f3n superlativa. El masajeador interno posee 10<span class=\"Apple-converted-space\">\u00a0\u00a0<\/span>frecuencias de impacto que hacen que tu cuerpo<span class=\"Apple-converted-space\">\u00a0\u00a0<\/span>se revolucione. Ambas funciones pueden usarse al mismo tiempo o separadas ya que poseen dos comandos.<\/span><\/p>\n<p class=\"p2\"><span class=\"s1\"><strong>MODO DE USO.<\/strong><\/span><\/p>\n<p class=\"p1\"><span class=\"s1\">Mantenga presionado el bot\u00f3n de encendido durante 3 segundos para encender \/ apagar, la luz indicadora se enciende y comienza a vibrar. Cada vez que se presiona el bot\u00f3n de encendido, cambie el modo de vibraci\u00f3n diferente. Durante la<span class=\"Apple-converted-space\">\u00a0\u00a0<\/span>carga, la luz indicadora parpadea, despu\u00e9s de la carga completa, la luz sigue encendida. Cuando el producto se est\u00e1 cargando, el chip est\u00e1 en estado de protecci\u00f3n y no se puede encender.<\/span><\/p>\n<\/div>\n<\/div>\n","protected":false},"featured_media":7651,"template":"","meta":{"_et_pb_use_builder":"","_et_pb_old_content":"","_et_gb_content_width":"","_joinchat":[]},"product_brand":[],"product_cat":[37,18],"product_tag":[],"class_list":{"0":"post-7649","1":"product","2":"type-product","3":"status-publish","4":"has-post-thumbnail","6":"product_cat-estimuladores-clitoriales","7":"product_cat-vibradores","9":"first","10":"instock","11":"shipping-taxable","12":"purchasable","13":"product-type-simple"},"_links":{"self":[{"href":"https:\/\/www.sexshop.com.ar\/web\/wp-json\/wp\/v2\/product\/7649","targetHints":{"allow":["GET"]}}],"collection":[{"href":"https:\/\/www.sexshop.com.ar\/web\/wp-json\/wp\/v2\/product"}],"about":[{"href":"https:\/\/www.sexshop.com.ar\/web\/wp-json\/wp\/v2\/types\/product"}],"wp:featuredmedia":[{"embeddable":true,"href":"https:\/\/www.sexshop.com.ar\/web\/wp-json\/wp\/v2\/media\/7651"}],"wp:attachment":[{"href":"https:\/\/www.sexshop.com.ar\/web\/wp-json\/wp\/v2\/media?parent=7649"}],"wp:term":[{"taxonomy":"product_brand","embeddable":true,"href":"https:\/\/www.sexshop.com.ar\/web\/wp-json\/wp\/v2\/product_brand?post=7649"},{"taxonomy":"product_cat","embeddable":true,"href":"https:\/\/www.sexshop.com.ar\/web\/wp-json\/wp\/v2\/product_cat?post=7649"},{"taxonomy":"product_tag","embeddable":true,"href":"https:\/\/www.sexshop.com.ar\/web\/wp-json\/wp\/v2\/product_tag?post=7649"}],"curies":[{"name":"wp","href":"https:\/\/api.w.org\/{rel}","templated":true}]}}