{"id":7669,"date":"2025-08-04T12:36:44","date_gmt":"2025-08-04T15:36:44","guid":{"rendered":"https:\/\/www.sexshop.com.ar\/web\/?post_type=product&#038;p=7669"},"modified":"2025-08-04T12:36:45","modified_gmt":"2025-08-04T15:36:45","slug":"plug-anal-small","status":"publish","type":"product","link":"https:\/\/www.sexshop.com.ar\/web\/producto\/plug-anal-small\/","title":{"rendered":"PLUG ANAL SMALL"},"content":{"rendered":"<p>&nbsp;<\/p>\n<ul>\n<li>Plug dilatador anal<\/li>\n<li>Acero\u00a0quir\u00fargico de grado medicinal.<\/li>\n<li>Textura suave.<\/li>\n<li>Base strass (color aleatorio)<\/li>\n<li>Bolsa de terciopelo negro.<\/li>\n<li>Peso: 50 gr.<\/li>\n<\/ul>\n<p><strong>Medidas:<\/strong>\u00a07,15 cm x 2,7\u00a0cm<\/p>\n","protected":false},"excerpt":{"rendered":"<p><strong>ROSE STEEL ANAL PLUG SMALL<\/strong><\/p>\n<p>Plug anal met\u00e1lico rosado, suave, sobrio y dise\u00f1ado especialmente para la mejor dilataci\u00f3n anal. Base de Strass multicolor.\u00a0Este peque\u00f1o accesorio te acompa\u00f1ar\u00e1 en todas tus aventuras, cuando y donde quieras.<\/p>\n","protected":false},"featured_media":7670,"template":"","meta":{"_et_pb_use_builder":"","_et_pb_old_content":"","_et_gb_content_width":"","_joinchat":[]},"product_brand":[],"product_cat":[28],"product_tag":[],"class_list":{"0":"post-7669","1":"product","2":"type-product","3":"status-publish","4":"has-post-thumbnail","6":"product_cat-consoladores-anales","8":"first","9":"instock","10":"shipping-taxable","11":"purchasable","12":"product-type-simple"},"_links":{"self":[{"href":"https:\/\/www.sexshop.com.ar\/web\/wp-json\/wp\/v2\/product\/7669","targetHints":{"allow":["GET"]}}],"collection":[{"href":"https:\/\/www.sexshop.com.ar\/web\/wp-json\/wp\/v2\/product"}],"about":[{"href":"https:\/\/www.sexshop.com.ar\/web\/wp-json\/wp\/v2\/types\/product"}],"wp:featuredmedia":[{"embeddable":true,"href":"https:\/\/www.sexshop.com.ar\/web\/wp-json\/wp\/v2\/media\/7670"}],"wp:attachment":[{"href":"https:\/\/www.sexshop.com.ar\/web\/wp-json\/wp\/v2\/media?parent=7669"}],"wp:term":[{"taxonomy":"product_brand","embeddable":true,"href":"https:\/\/www.sexshop.com.ar\/web\/wp-json\/wp\/v2\/product_brand?post=7669"},{"taxonomy":"product_cat","embeddable":true,"href":"https:\/\/www.sexshop.com.ar\/web\/wp-json\/wp\/v2\/product_cat?post=7669"},{"taxonomy":"product_tag","embeddable":true,"href":"https:\/\/www.sexshop.com.ar\/web\/wp-json\/wp\/v2\/product_tag?post=7669"}],"curies":[{"name":"wp","href":"https:\/\/api.w.org\/{rel}","templated":true}]}}