{"id":7766,"date":"2025-12-15T10:36:07","date_gmt":"2025-12-15T13:36:07","guid":{"rendered":"https:\/\/www.sexshop.com.ar\/web\/?post_type=product&#038;p=7766"},"modified":"2025-12-22T17:32:05","modified_gmt":"2025-12-22T20:32:05","slug":"succionador-vibrador-estimulador-clitoris-punto-g-usb","status":"publish","type":"product","link":"https:\/\/www.sexshop.com.ar\/web\/producto\/succionador-vibrador-estimulador-clitoris-punto-g-usb\/","title":{"rendered":"SUCCIONADOR VIBRADOR ESTIMULADOR CL\u00cdTORIS PUNTO G USB"},"content":{"rendered":"<p>10 funciones de vibraci\u00f3n<br \/>\n10 funciones de succi\u00f3n<br \/>\n2 potentes motores<br \/>\nSilicona de alta calidad segura para el cuerpo<br \/>\nJuguete impermeable<br \/>\nCuerpo totalmente flexible<br \/>\nF\u00e1cil panel de control<br \/>\nLargo insertable: 11cm<br \/>\nAncho maximo: 3.8cm<\/p>\n","protected":false},"excerpt":{"rendered":"<p>Este juguete cuenta con 2 potentes motores que te dejar\u00e1n sin palabras. Uno de ellos est\u00e1 situado en uno de los extremos, en el succionador de cl\u00edtoris y el otro en el otro extremo, en el masajeador.<br \/>\nIdeal para una noche de placer en solitario, tambi\u00e9n lo podr\u00e1s usar con tu pareja gracias a su cuerpo flexible. Mientras tu utilizas el succionador, tu pareja podr\u00e1 disfrutar de unas vibraciones impresionantes en la zona que decid\u00e1is, o al rev\u00e9s.<br \/>\nCon sus dos potentes motores disfrutar\u00e1s de 10 funciones de vibraci\u00f3n y 10 funciones de succi\u00f3n que podr\u00e1s utilizar con su panel de control de f\u00e1cil uso. Cuenta adem\u00e1s con una silicona de alta calidad suave, segura, sedosa que se deslizar\u00e1 en tu interior y te llevar\u00e1 a mundos llenos de placer.<br \/>\nRecuerda limpiar adecuadamente tu juguete con un buen limpiador de juguetes y utiliza tu lubricante a base de agua favorito para una noche l\u00e1gida y s\u00faper h\u00fameda.<\/p>\n","protected":false},"featured_media":7767,"template":"","meta":{"_et_pb_use_builder":"","_et_pb_old_content":"","_et_gb_content_width":"","_joinchat":[]},"product_brand":[],"product_cat":[32,18],"product_tag":[],"class_list":{"0":"post-7766","1":"product","2":"type-product","3":"status-publish","4":"has-post-thumbnail","6":"product_cat-ellas","7":"product_cat-vibradores","9":"first","10":"instock","11":"shipping-taxable","12":"purchasable","13":"product-type-simple"},"_links":{"self":[{"href":"https:\/\/www.sexshop.com.ar\/web\/wp-json\/wp\/v2\/product\/7766","targetHints":{"allow":["GET"]}}],"collection":[{"href":"https:\/\/www.sexshop.com.ar\/web\/wp-json\/wp\/v2\/product"}],"about":[{"href":"https:\/\/www.sexshop.com.ar\/web\/wp-json\/wp\/v2\/types\/product"}],"wp:featuredmedia":[{"embeddable":true,"href":"https:\/\/www.sexshop.com.ar\/web\/wp-json\/wp\/v2\/media\/7767"}],"wp:attachment":[{"href":"https:\/\/www.sexshop.com.ar\/web\/wp-json\/wp\/v2\/media?parent=7766"}],"wp:term":[{"taxonomy":"product_brand","embeddable":true,"href":"https:\/\/www.sexshop.com.ar\/web\/wp-json\/wp\/v2\/product_brand?post=7766"},{"taxonomy":"product_cat","embeddable":true,"href":"https:\/\/www.sexshop.com.ar\/web\/wp-json\/wp\/v2\/product_cat?post=7766"},{"taxonomy":"product_tag","embeddable":true,"href":"https:\/\/www.sexshop.com.ar\/web\/wp-json\/wp\/v2\/product_tag?post=7766"}],"curies":[{"name":"wp","href":"https:\/\/api.w.org\/{rel}","templated":true}]}}