{"id":7778,"date":"2025-12-15T12:49:49","date_gmt":"2025-12-15T15:49:49","guid":{"rendered":"https:\/\/www.sexshop.com.ar\/web\/?post_type=product&#038;p=7778"},"modified":"2026-02-16T17:20:20","modified_gmt":"2026-02-16T20:20:20","slug":"masajeador-vibrador-punto-g","status":"publish","type":"product","link":"https:\/\/www.sexshop.com.ar\/web\/producto\/masajeador-vibrador-punto-g\/","title":{"rendered":"MASAJEADOR VIBRADOR PUNTO G"},"content":{"rendered":"","protected":false},"excerpt":{"rendered":"<p>Modo de s\u00faper vibraci\u00f3n, le dar\u00e1 m\u00e1s diversi\u00f3n.<br \/>\nMaterial m\u00e9dico de silicona de alta calidad, seguro y respetuoso con la piel.<br \/>\nDise\u00f1o impermeable, f\u00e1cil de usar y c\u00f3modo de limpiar.<\/p>\n","protected":false},"featured_media":7781,"template":"","meta":{"_et_pb_use_builder":"","_et_pb_old_content":"","_et_gb_content_width":"","_joinchat":[]},"product_brand":[],"product_cat":[18],"product_tag":[],"class_list":{"0":"post-7778","1":"product","2":"type-product","3":"status-publish","4":"has-post-thumbnail","6":"product_cat-vibradores","8":"first","9":"instock","10":"shipping-taxable","11":"purchasable","12":"product-type-simple"},"_links":{"self":[{"href":"https:\/\/www.sexshop.com.ar\/web\/wp-json\/wp\/v2\/product\/7778","targetHints":{"allow":["GET"]}}],"collection":[{"href":"https:\/\/www.sexshop.com.ar\/web\/wp-json\/wp\/v2\/product"}],"about":[{"href":"https:\/\/www.sexshop.com.ar\/web\/wp-json\/wp\/v2\/types\/product"}],"wp:featuredmedia":[{"embeddable":true,"href":"https:\/\/www.sexshop.com.ar\/web\/wp-json\/wp\/v2\/media\/7781"}],"wp:attachment":[{"href":"https:\/\/www.sexshop.com.ar\/web\/wp-json\/wp\/v2\/media?parent=7778"}],"wp:term":[{"taxonomy":"product_brand","embeddable":true,"href":"https:\/\/www.sexshop.com.ar\/web\/wp-json\/wp\/v2\/product_brand?post=7778"},{"taxonomy":"product_cat","embeddable":true,"href":"https:\/\/www.sexshop.com.ar\/web\/wp-json\/wp\/v2\/product_cat?post=7778"},{"taxonomy":"product_tag","embeddable":true,"href":"https:\/\/www.sexshop.com.ar\/web\/wp-json\/wp\/v2\/product_tag?post=7778"}],"curies":[{"name":"wp","href":"https:\/\/api.w.org\/{rel}","templated":true}]}}