{"id":7783,"date":"2025-12-15T16:04:54","date_gmt":"2025-12-15T19:04:54","guid":{"rendered":"https:\/\/www.sexshop.com.ar\/web\/?post_type=product&#038;p=7783"},"modified":"2026-02-16T11:12:07","modified_gmt":"2026-02-16T14:12:07","slug":"tapon-anal-de-vidrio-con-cola-de-zorro","status":"publish","type":"product","link":"https:\/\/www.sexshop.com.ar\/web\/producto\/tapon-anal-de-vidrio-con-cola-de-zorro\/","title":{"rendered":"Tap\u00f3n anal de vidrio con cola de zorro"},"content":{"rendered":"","protected":false},"excerpt":{"rendered":"<p>Este tap\u00f3n anal con cola es un accesorio que abusa de la creatividad para crear un momento para dos personas que invita a la reflexi\u00f3n y est\u00e1 lleno de aventuras. El tap\u00f3n tiene una cola que imita a la de un zorro, disponible en diferentes tama\u00f1os y colores, perfecta para quienes se est\u00e1n iniciando en el mundo del sexo anal o incluso para quienes ya tienen mucha pr\u00e1ctica. Este tap\u00f3n de cristal es bonito y divertido, destacando por su belleza y calidad. Est\u00e1 hecho de vidrio templado, por lo que es dif\u00edcil de romper, pero siempre comprueba que el tap\u00f3n no contenga grietas ni fisuras. Es ideal para hombres o mujeres que desean explorar su sexualidad y estimular nuevas \u00e1reas de placer en su cuerpo. L\u00e1vese con jab\u00f3n bactericida antes y despu\u00e9s de su uso. Seque con toallas de papel desechables o deje que se sequen de forma natural.<\/p>\n","protected":false},"featured_media":7785,"template":"","meta":{"_et_pb_use_builder":"","_et_pb_old_content":"","_et_gb_content_width":"","_joinchat":[]},"product_brand":[],"product_cat":[28],"product_tag":[],"class_list":{"0":"post-7783","1":"product","2":"type-product","3":"status-publish","4":"has-post-thumbnail","6":"product_cat-consoladores-anales","8":"first","9":"instock","10":"shipping-taxable","11":"purchasable","12":"product-type-simple"},"_links":{"self":[{"href":"https:\/\/www.sexshop.com.ar\/web\/wp-json\/wp\/v2\/product\/7783","targetHints":{"allow":["GET"]}}],"collection":[{"href":"https:\/\/www.sexshop.com.ar\/web\/wp-json\/wp\/v2\/product"}],"about":[{"href":"https:\/\/www.sexshop.com.ar\/web\/wp-json\/wp\/v2\/types\/product"}],"wp:featuredmedia":[{"embeddable":true,"href":"https:\/\/www.sexshop.com.ar\/web\/wp-json\/wp\/v2\/media\/7785"}],"wp:attachment":[{"href":"https:\/\/www.sexshop.com.ar\/web\/wp-json\/wp\/v2\/media?parent=7783"}],"wp:term":[{"taxonomy":"product_brand","embeddable":true,"href":"https:\/\/www.sexshop.com.ar\/web\/wp-json\/wp\/v2\/product_brand?post=7783"},{"taxonomy":"product_cat","embeddable":true,"href":"https:\/\/www.sexshop.com.ar\/web\/wp-json\/wp\/v2\/product_cat?post=7783"},{"taxonomy":"product_tag","embeddable":true,"href":"https:\/\/www.sexshop.com.ar\/web\/wp-json\/wp\/v2\/product_tag?post=7783"}],"curies":[{"name":"wp","href":"https:\/\/api.w.org\/{rel}","templated":true}]}}