{"id":7798,"date":"2025-12-15T16:38:49","date_gmt":"2025-12-15T19:38:49","guid":{"rendered":"https:\/\/www.sexshop.com.ar\/web\/?post_type=product&#038;p=7798"},"modified":"2026-04-13T11:07:22","modified_gmt":"2026-04-13T14:07:22","slug":"vela-para-masajes-mon-amour-intense","status":"publish","type":"product","link":"https:\/\/www.sexshop.com.ar\/web\/producto\/vela-para-masajes-mon-amour-intense\/","title":{"rendered":"Vela para Masajes Mon Amour Intense"},"content":{"rendered":"<p><strong data-start=\"636\" data-end=\"651\">Ideal para:<\/strong><\/p>\n<ul>\n<li>Masajes sensuales<\/li>\n<li>Ritual de relajaci\u00f3n en pareja<\/li>\n<li>Crear una atm\u00f3sfera \u00edntima y rom\u00e1ntica<\/li>\n<\/ul>\n","protected":false},"excerpt":{"rendered":"<p>Massage Candle Mon Amour Intense es una vela arom\u00e1tica que, al encenderla, se derrite y se transforma en un\u00a0<strong data-start=\"354\" data-end=\"392\">aceite tibio y sedoso para masajes<\/strong>. Formulada con una combinaci\u00f3n de\u00a0<strong data-start=\"427\" data-end=\"460\">aceites naturales y vitaminas<\/strong>, nutre y suaviza la piel mientras brinda una experiencia c\u00e1lida y envolvente. Su fragancia intensa y apasionada crea el ambiente perfecto para momentos de conexi\u00f3n y placer.<\/p>\n","protected":false},"featured_media":7791,"template":"","meta":{"_et_pb_use_builder":"","_et_pb_old_content":"","_et_gb_content_width":"","_joinchat":[]},"product_brand":[],"product_cat":[24,25],"product_tag":[],"class_list":{"0":"post-7798","1":"product","2":"type-product","3":"status-publish","4":"has-post-thumbnail","6":"product_cat-accesorios","7":"product_cat-afrodisiacos","9":"first","10":"instock","11":"shipping-taxable","12":"purchasable","13":"product-type-simple"},"_links":{"self":[{"href":"https:\/\/www.sexshop.com.ar\/web\/wp-json\/wp\/v2\/product\/7798","targetHints":{"allow":["GET"]}}],"collection":[{"href":"https:\/\/www.sexshop.com.ar\/web\/wp-json\/wp\/v2\/product"}],"about":[{"href":"https:\/\/www.sexshop.com.ar\/web\/wp-json\/wp\/v2\/types\/product"}],"wp:featuredmedia":[{"embeddable":true,"href":"https:\/\/www.sexshop.com.ar\/web\/wp-json\/wp\/v2\/media\/7791"}],"wp:attachment":[{"href":"https:\/\/www.sexshop.com.ar\/web\/wp-json\/wp\/v2\/media?parent=7798"}],"wp:term":[{"taxonomy":"product_brand","embeddable":true,"href":"https:\/\/www.sexshop.com.ar\/web\/wp-json\/wp\/v2\/product_brand?post=7798"},{"taxonomy":"product_cat","embeddable":true,"href":"https:\/\/www.sexshop.com.ar\/web\/wp-json\/wp\/v2\/product_cat?post=7798"},{"taxonomy":"product_tag","embeddable":true,"href":"https:\/\/www.sexshop.com.ar\/web\/wp-json\/wp\/v2\/product_tag?post=7798"}],"curies":[{"name":"wp","href":"https:\/\/api.w.org\/{rel}","templated":true}]}}