{"id":7824,"date":"2025-12-22T18:59:11","date_gmt":"2025-12-22T21:59:11","guid":{"rendered":"https:\/\/www.sexshop.com.ar\/web\/?post_type=product&#038;p=7824"},"modified":"2026-01-12T20:02:39","modified_gmt":"2026-01-12T23:02:39","slug":"masturbador-succionador","status":"publish","type":"product","link":"https:\/\/www.sexshop.com.ar\/web\/producto\/masturbador-succionador\/","title":{"rendered":"MASTURBADOR SUCCIONADOR VIBRADOR USB"},"content":{"rendered":"<p>-El masturbador cuenta con dos motores vibratorios de alto rendimiento.<\/p>\n<p>-10 tipos de vibracion.<\/p>\n<p>-5 tipos de succi\u00f3n.<\/p>\n","protected":false},"excerpt":{"rendered":"<p>SKU: TJ3040<\/p>\n<p>Masturbador masculino con succi\u00f3n y vibrador, importado de excelente calidad. Un juguete original para qui\u00e9n busca estimulaciones intensas. Posee un vibrador con 10 modos de intensidad sumado a 5 modos de succi\u00f3n. La vibraci\u00f3n y succi\u00f3n se pueden utilizar juntas o en forma separada. Excelente tanto para masturbaci\u00f3n en solitario, en pareja, o para \u00abentrenar\u00bb como aguantar la eyaculaci\u00f3n y durar m\u00e1s. Ideal para personas con problemas de eyaculaci\u00f3n precoz. No olvides utilizarlo con un buen gel lubricante para una experiencia m\u00e1s placentera.<\/p>\n","protected":false},"featured_media":7829,"template":"","meta":{"_et_pb_use_builder":"","_et_pb_old_content":"","_et_gb_content_width":"","_joinchat":[]},"product_brand":[],"product_cat":[33,41],"product_tag":[],"class_list":{"0":"post-7824","1":"product","2":"type-product","3":"status-publish","4":"has-post-thumbnail","6":"product_cat-ellos","7":"product_cat-vaginas-munecas-y-munecos","9":"first","10":"instock","11":"shipping-taxable","12":"purchasable","13":"product-type-simple"},"_links":{"self":[{"href":"https:\/\/www.sexshop.com.ar\/web\/wp-json\/wp\/v2\/product\/7824","targetHints":{"allow":["GET"]}}],"collection":[{"href":"https:\/\/www.sexshop.com.ar\/web\/wp-json\/wp\/v2\/product"}],"about":[{"href":"https:\/\/www.sexshop.com.ar\/web\/wp-json\/wp\/v2\/types\/product"}],"wp:featuredmedia":[{"embeddable":true,"href":"https:\/\/www.sexshop.com.ar\/web\/wp-json\/wp\/v2\/media\/7829"}],"wp:attachment":[{"href":"https:\/\/www.sexshop.com.ar\/web\/wp-json\/wp\/v2\/media?parent=7824"}],"wp:term":[{"taxonomy":"product_brand","embeddable":true,"href":"https:\/\/www.sexshop.com.ar\/web\/wp-json\/wp\/v2\/product_brand?post=7824"},{"taxonomy":"product_cat","embeddable":true,"href":"https:\/\/www.sexshop.com.ar\/web\/wp-json\/wp\/v2\/product_cat?post=7824"},{"taxonomy":"product_tag","embeddable":true,"href":"https:\/\/www.sexshop.com.ar\/web\/wp-json\/wp\/v2\/product_tag?post=7824"}],"curies":[{"name":"wp","href":"https:\/\/api.w.org\/{rel}","templated":true}]}}