{"id":7840,"date":"2025-12-22T19:17:36","date_gmt":"2025-12-22T22:17:36","guid":{"rendered":"https:\/\/www.sexshop.com.ar\/web\/?post_type=product&#038;p=7840"},"modified":"2026-01-12T19:31:55","modified_gmt":"2026-01-12T22:31:55","slug":"succionador-vibrador-satisfyer","status":"publish","type":"product","link":"https:\/\/www.sexshop.com.ar\/web\/producto\/succionador-vibrador-satisfyer\/","title":{"rendered":"SUCCIONADOR VIBRADOR SATISFYER"},"content":{"rendered":"<ul>\n<li>2 motores de control separado<\/li>\n<li>Modo de susurro<\/li>\n<li>Estanco IPX7<\/li>\n<li>Resistente al agua<\/li>\n<li>F\u00e1cil de limpiar<\/li>\n<li>Cable de carga magn\u00e9tico por USB<\/li>\n<\/ul>\n","protected":false},"excerpt":{"rendered":"<p>SKU: TJ11059<\/p>\n<p>El Pro 2+ a\u00f1ade vibraci\u00f3n a la experiencia cl\u00e1sica de la tecnolog\u00eda Air-Pulse. El anillo de silicona que no irrita la piel ofrece una presi\u00f3n de vibraci\u00f3n suave, encierra suavemente tu cl\u00edtoris y lo acaricia con un ritmo que destila placer.<\/p>\n<ul>\n<li>Estimulaci\u00f3n simult\u00e1nea del cl\u00edtoris mediante ondas de presi\u00f3n y vibraciones<\/li>\n<li>11 intensidades de onda de presi\u00f3n y 10 programas de vibraci\u00f3n ofrecen variedad para lograr el m\u00e1ximo placer<\/li>\n<li>Gracias a su acabado impermeable (IPX7), este juguete se puede usar de forma segura en el agua, adem\u00e1s de ser f\u00e1cil de limpiar.<\/li>\n<\/ul>\n<p>&nbsp;<\/p>\n","protected":false},"featured_media":7834,"template":"","meta":{"_et_pb_use_builder":"","_et_pb_old_content":"","_et_gb_content_width":"","_joinchat":[]},"product_brand":[],"product_cat":[37,18],"product_tag":[],"class_list":{"0":"post-7840","1":"product","2":"type-product","3":"status-publish","4":"has-post-thumbnail","6":"product_cat-estimuladores-clitoriales","7":"product_cat-vibradores","9":"first","10":"instock","11":"shipping-taxable","12":"purchasable","13":"product-type-simple"},"_links":{"self":[{"href":"https:\/\/www.sexshop.com.ar\/web\/wp-json\/wp\/v2\/product\/7840","targetHints":{"allow":["GET"]}}],"collection":[{"href":"https:\/\/www.sexshop.com.ar\/web\/wp-json\/wp\/v2\/product"}],"about":[{"href":"https:\/\/www.sexshop.com.ar\/web\/wp-json\/wp\/v2\/types\/product"}],"wp:featuredmedia":[{"embeddable":true,"href":"https:\/\/www.sexshop.com.ar\/web\/wp-json\/wp\/v2\/media\/7834"}],"wp:attachment":[{"href":"https:\/\/www.sexshop.com.ar\/web\/wp-json\/wp\/v2\/media?parent=7840"}],"wp:term":[{"taxonomy":"product_brand","embeddable":true,"href":"https:\/\/www.sexshop.com.ar\/web\/wp-json\/wp\/v2\/product_brand?post=7840"},{"taxonomy":"product_cat","embeddable":true,"href":"https:\/\/www.sexshop.com.ar\/web\/wp-json\/wp\/v2\/product_cat?post=7840"},{"taxonomy":"product_tag","embeddable":true,"href":"https:\/\/www.sexshop.com.ar\/web\/wp-json\/wp\/v2\/product_tag?post=7840"}],"curies":[{"name":"wp","href":"https:\/\/api.w.org\/{rel}","templated":true}]}}