{"id":7843,"date":"2025-12-22T19:25:20","date_gmt":"2025-12-22T22:25:20","guid":{"rendered":"https:\/\/www.sexshop.com.ar\/web\/?post_type=product&#038;p=7843"},"modified":"2026-01-12T20:04:32","modified_gmt":"2026-01-12T23:04:32","slug":"masturbador-con-rotacion-360","status":"publish","type":"product","link":"https:\/\/www.sexshop.com.ar\/web\/producto\/masturbador-con-rotacion-360\/","title":{"rendered":"MASTURBADOR CON ROTACION 360\u00b0"},"content":{"rendered":"<p>9 modos de vibraci\u00f3n + 9 modos de empuje\/rotaci\u00f3n \u2192 hasta 81 sensaciones<\/p>\n<p>Funda de TPE suave y transparente con 88 cuentas internas que acarician tu pene<\/p>\n<p>F\u00e1cil de limpiar y uso prolongado hasta 60 min<\/p>\n<p>Control el\u00e9ctrico simple y c\u00f3modo<\/p>\n<p>Modo de uso: Aplic\u00e1 gel lubricante a base de agua , insert\u00e1 el pene, eleg\u00ed tu combinaci\u00f3n favorita y disfrut\u00e1 de una experiencia intensa y h\u00fameda.<\/p>\n<p>Perfecto para hombres que buscan m\u00e1xima estimulaci\u00f3n y sensaciones realistas.<\/p>\n","protected":false},"excerpt":{"rendered":"<p>SKU: TJ2032<\/p>\n<p>Llev\u00e1 tu placer a otro nivel con MASTURBADOR 360\u00b0: vibraci\u00f3n, empuje y rotaci\u00f3n combinados para una experiencia \u00fanica.<\/p>\n","protected":false},"featured_media":7846,"template":"","meta":{"_et_pb_use_builder":"","_et_pb_old_content":"","_et_gb_content_width":"","_joinchat":[]},"product_brand":[],"product_cat":[33,41],"product_tag":[],"class_list":{"0":"post-7843","1":"product","2":"type-product","3":"status-publish","4":"has-post-thumbnail","6":"product_cat-ellos","7":"product_cat-vaginas-munecas-y-munecos","9":"first","10":"instock","11":"shipping-taxable","12":"purchasable","13":"product-type-simple"},"_links":{"self":[{"href":"https:\/\/www.sexshop.com.ar\/web\/wp-json\/wp\/v2\/product\/7843","targetHints":{"allow":["GET"]}}],"collection":[{"href":"https:\/\/www.sexshop.com.ar\/web\/wp-json\/wp\/v2\/product"}],"about":[{"href":"https:\/\/www.sexshop.com.ar\/web\/wp-json\/wp\/v2\/types\/product"}],"wp:featuredmedia":[{"embeddable":true,"href":"https:\/\/www.sexshop.com.ar\/web\/wp-json\/wp\/v2\/media\/7846"}],"wp:attachment":[{"href":"https:\/\/www.sexshop.com.ar\/web\/wp-json\/wp\/v2\/media?parent=7843"}],"wp:term":[{"taxonomy":"product_brand","embeddable":true,"href":"https:\/\/www.sexshop.com.ar\/web\/wp-json\/wp\/v2\/product_brand?post=7843"},{"taxonomy":"product_cat","embeddable":true,"href":"https:\/\/www.sexshop.com.ar\/web\/wp-json\/wp\/v2\/product_cat?post=7843"},{"taxonomy":"product_tag","embeddable":true,"href":"https:\/\/www.sexshop.com.ar\/web\/wp-json\/wp\/v2\/product_tag?post=7843"}],"curies":[{"name":"wp","href":"https:\/\/api.w.org\/{rel}","templated":true}]}}