{"id":7848,"date":"2025-12-22T19:32:47","date_gmt":"2025-12-22T22:32:47","guid":{"rendered":"https:\/\/www.sexshop.com.ar\/web\/?post_type=product&#038;p=7848"},"modified":"2026-01-12T19:30:51","modified_gmt":"2026-01-12T22:30:51","slug":"pinguino-succionador-satisfyer","status":"publish","type":"product","link":"https:\/\/www.sexshop.com.ar\/web\/producto\/pinguino-succionador-satisfyer\/","title":{"rendered":"Ping\u00fcino Succionador Satisfyer"},"content":{"rendered":"<ul>\n<li>\u00a0Material: Silicona, Pl\u00e1stico ABS<\/li>\n<li>Color: Negro y Blanco<\/li>\n<li>Impermeable<\/li>\n<li>Bater\u00eda Recargable<\/li>\n<li>Peso: 101g<\/li>\n<\/ul>\n<p>Novedades:<\/p>\n<ul>\n<li>Nuevo dise\u00f1o de botones: bot\u00f3n +\/-<\/li>\n<li>Resistente al agua<\/li>\n<li>Silicona antialerg\u00e9nica<\/li>\n<li>Recargable. Incluye cargador por USB<\/li>\n<li>11 programas de ondas de presi\u00f3n<\/li>\n<li>Motor mejorado. M\u00e1s silencioso<\/li>\n<\/ul>\n<p>Medidas:<\/p>\n<ul>\n<li>Longitud: 10,8 cm<\/li>\n<li>Ancho: 5,8 cm<\/li>\n<li>Alto: 5,5 cm<\/li>\n<\/ul>\n","protected":false},"excerpt":{"rendered":"<p>SKU: TJ11057<\/p>\n<p>Su forma delgada de dise\u00f1o ergon\u00f3mico se adapta perfectamente a la mano y es muy c\u00f3moda. Por su dise\u00f1o manejable y su facilidad de manejo, es ideal para quienes quieran iniciarse en estos juegos solitarios. Gracias a su excelente estanqueidad, el Satisfyer Pro Penguin es mucho m\u00e1s silencioso durante el uso que otros productos similares en el mercado. Su suave caperuza de silicona antialerg\u00e9nica es higi\u00e9nica, y protege el interior contra la entrada de agua, lubricantes u otros fluidos.<\/p>\n","protected":false},"featured_media":7852,"template":"","meta":{"_et_pb_use_builder":"","_et_pb_old_content":"","_et_gb_content_width":"","_joinchat":[]},"product_brand":[],"product_cat":[32,37],"product_tag":[],"class_list":{"0":"post-7848","1":"product","2":"type-product","3":"status-publish","4":"has-post-thumbnail","6":"product_cat-ellas","7":"product_cat-estimuladores-clitoriales","9":"first","10":"instock","11":"shipping-taxable","12":"purchasable","13":"product-type-simple"},"_links":{"self":[{"href":"https:\/\/www.sexshop.com.ar\/web\/wp-json\/wp\/v2\/product\/7848","targetHints":{"allow":["GET"]}}],"collection":[{"href":"https:\/\/www.sexshop.com.ar\/web\/wp-json\/wp\/v2\/product"}],"about":[{"href":"https:\/\/www.sexshop.com.ar\/web\/wp-json\/wp\/v2\/types\/product"}],"wp:featuredmedia":[{"embeddable":true,"href":"https:\/\/www.sexshop.com.ar\/web\/wp-json\/wp\/v2\/media\/7852"}],"wp:attachment":[{"href":"https:\/\/www.sexshop.com.ar\/web\/wp-json\/wp\/v2\/media?parent=7848"}],"wp:term":[{"taxonomy":"product_brand","embeddable":true,"href":"https:\/\/www.sexshop.com.ar\/web\/wp-json\/wp\/v2\/product_brand?post=7848"},{"taxonomy":"product_cat","embeddable":true,"href":"https:\/\/www.sexshop.com.ar\/web\/wp-json\/wp\/v2\/product_cat?post=7848"},{"taxonomy":"product_tag","embeddable":true,"href":"https:\/\/www.sexshop.com.ar\/web\/wp-json\/wp\/v2\/product_tag?post=7848"}],"curies":[{"name":"wp","href":"https:\/\/api.w.org\/{rel}","templated":true}]}}