{"id":7858,"date":"2025-12-22T19:58:26","date_gmt":"2025-12-22T22:58:26","guid":{"rendered":"https:\/\/www.sexshop.com.ar\/web\/?post_type=product&#038;p=7858"},"modified":"2026-02-16T12:31:24","modified_gmt":"2026-02-16T15:31:24","slug":"bomba-succion-vacio-engrosador-electrica-usb","status":"publish","type":"product","link":"https:\/\/www.sexshop.com.ar\/web\/producto\/bomba-succion-vacio-engrosador-electrica-usb\/","title":{"rendered":"Bomba  Succi\u00f3n Vac\u00edo Engrosador El\u00e9ctrica USB"},"content":{"rendered":"<ul>\n<li>Cilindro 17,5 cm largo \/ 6 cm ancho<\/li>\n<li>Largo total 27 cm<\/li>\n<li>Sistema de succi\u00f3n el\u00e9ctrica autom\u00e1tica.<\/li>\n<li>Recargable por USB tipo C (CABLE INCLUIDO).<\/li>\n<li>Botones intuitivos.<\/li>\n<li>Favorece erecciones m\u00e1s firmes y prolongadas.<\/li>\n<li>Incrementa el grosor y longitud del pene.<\/li>\n<\/ul>\n","protected":false},"excerpt":{"rendered":"<p>SKU: TJ 11052<\/p>\n<p>Potencia tu desempe\u00f1o \u00edntimo con esta bomba de pene el\u00e9ctrica recargable. Su sistema de vac\u00edo autom\u00e1tico ofrece succi\u00f3n uniforme y constante, estimulando el flujo sangu\u00edneo para erecciones m\u00e1s firmes, duraderas y mayor tama\u00f1o.<\/p>\n<p>Con botones de control intuitivos, puedes ajustar f\u00e1cilmente la intensidad de succi\u00f3n. Adem\u00e1s, es recargable por USB tipo C, lo que la hace pr\u00e1ctica, port\u00e1til y siempre lista para usar. Fabricada con materiales resistentes y seguros, es f\u00e1cil de limpiar y perfecta para uso privado y discreto.<\/p>\n","protected":false},"featured_media":7864,"template":"","meta":{"_et_pb_use_builder":"","_et_pb_old_content":"","_et_gb_content_width":"","_joinchat":[]},"product_brand":[],"product_cat":[31,33],"product_tag":[],"class_list":{"0":"post-7858","1":"product","2":"type-product","3":"status-publish","4":"has-post-thumbnail","6":"product_cat-desarrolladores","7":"product_cat-ellos","9":"first","10":"instock","11":"shipping-taxable","12":"purchasable","13":"product-type-simple"},"_links":{"self":[{"href":"https:\/\/www.sexshop.com.ar\/web\/wp-json\/wp\/v2\/product\/7858","targetHints":{"allow":["GET"]}}],"collection":[{"href":"https:\/\/www.sexshop.com.ar\/web\/wp-json\/wp\/v2\/product"}],"about":[{"href":"https:\/\/www.sexshop.com.ar\/web\/wp-json\/wp\/v2\/types\/product"}],"wp:featuredmedia":[{"embeddable":true,"href":"https:\/\/www.sexshop.com.ar\/web\/wp-json\/wp\/v2\/media\/7864"}],"wp:attachment":[{"href":"https:\/\/www.sexshop.com.ar\/web\/wp-json\/wp\/v2\/media?parent=7858"}],"wp:term":[{"taxonomy":"product_brand","embeddable":true,"href":"https:\/\/www.sexshop.com.ar\/web\/wp-json\/wp\/v2\/product_brand?post=7858"},{"taxonomy":"product_cat","embeddable":true,"href":"https:\/\/www.sexshop.com.ar\/web\/wp-json\/wp\/v2\/product_cat?post=7858"},{"taxonomy":"product_tag","embeddable":true,"href":"https:\/\/www.sexshop.com.ar\/web\/wp-json\/wp\/v2\/product_tag?post=7858"}],"curies":[{"name":"wp","href":"https:\/\/api.w.org\/{rel}","templated":true}]}}