{"id":7917,"date":"2026-02-23T11:51:14","date_gmt":"2026-02-23T14:51:14","guid":{"rendered":"https:\/\/www.sexshop.com.ar\/web\/?post_type=product&#038;p=7917"},"modified":"2026-02-23T11:51:14","modified_gmt":"2026-02-23T14:51:14","slug":"anillo-doble-con-vibrador-y-control-remoto","status":"publish","type":"product","link":"https:\/\/www.sexshop.com.ar\/web\/producto\/anillo-doble-con-vibrador-y-control-remoto\/","title":{"rendered":"ANILLO DOBLE CON VIBRADOR Y CONTROL REMOTO"},"content":{"rendered":"<p>&#8211; Material: Silicona suave<\/p>\n<p>&#8211; Distancia de control remoto inal\u00e1mbrico: de 1 a 10M<\/p>\n<p>-Alimentaci\u00f3n: USB recargable<\/p>\n<p>&#8211; Medidas: Largo 11,4 cm Di\u00e1metro:2,6 cm Aprox (expandible)<\/p>\n<p>&#8211; Color: Violeta<\/p>\n","protected":false},"excerpt":{"rendered":"<p>El anillo de silicona blanda se extiende c\u00f3modamente para apretar el pene as\u00ed podes tener una erecci\u00f3n m\u00e1s fuerte, la bala vibradora y el motor con \u00e1ngulo magn\u00e9tico te proporciona una incre\u00edble estimulaci\u00f3n para ti y para tu pareja. El anillo cuenta con 10 ajustes potentes y funciones de dise\u00f1o m\u00faltiple para optimizar y elevar el juego en el dormitorio. Durante el sexo, encienda las fuertes vibraciones para estimular y complacer a su pareja. Alterna a trav\u00e9s de 5 pulsos, pulsando vibraciones para mejorar la experiencia. Podes utilizar la bala Recargable por separado.<\/p>\n","protected":false},"featured_media":7918,"template":"","meta":{"_et_pb_use_builder":"","_et_pb_old_content":"","_et_gb_content_width":"","_joinchat":[]},"product_brand":[],"product_cat":[24,26],"product_tag":[],"class_list":{"0":"post-7917","1":"product","2":"type-product","3":"status-publish","4":"has-post-thumbnail","6":"product_cat-accesorios","7":"product_cat-anillos-peneanos","9":"first","10":"instock","11":"shipping-taxable","12":"product-type-simple"},"_links":{"self":[{"href":"https:\/\/www.sexshop.com.ar\/web\/wp-json\/wp\/v2\/product\/7917","targetHints":{"allow":["GET"]}}],"collection":[{"href":"https:\/\/www.sexshop.com.ar\/web\/wp-json\/wp\/v2\/product"}],"about":[{"href":"https:\/\/www.sexshop.com.ar\/web\/wp-json\/wp\/v2\/types\/product"}],"wp:featuredmedia":[{"embeddable":true,"href":"https:\/\/www.sexshop.com.ar\/web\/wp-json\/wp\/v2\/media\/7918"}],"wp:attachment":[{"href":"https:\/\/www.sexshop.com.ar\/web\/wp-json\/wp\/v2\/media?parent=7917"}],"wp:term":[{"taxonomy":"product_brand","embeddable":true,"href":"https:\/\/www.sexshop.com.ar\/web\/wp-json\/wp\/v2\/product_brand?post=7917"},{"taxonomy":"product_cat","embeddable":true,"href":"https:\/\/www.sexshop.com.ar\/web\/wp-json\/wp\/v2\/product_cat?post=7917"},{"taxonomy":"product_tag","embeddable":true,"href":"https:\/\/www.sexshop.com.ar\/web\/wp-json\/wp\/v2\/product_tag?post=7917"}],"curies":[{"name":"wp","href":"https:\/\/api.w.org\/{rel}","templated":true}]}}