{"id":7925,"date":"2026-02-23T12:32:36","date_gmt":"2026-02-23T15:32:36","guid":{"rendered":"https:\/\/www.sexshop.com.ar\/web\/?post_type=product&#038;p=7925"},"modified":"2026-02-23T12:32:36","modified_gmt":"2026-02-23T15:32:36","slug":"americano-chico-mulato-soft-touch","status":"publish","type":"product","link":"https:\/\/www.sexshop.com.ar\/web\/producto\/americano-chico-mulato-soft-touch\/","title":{"rendered":"AMERICANO CHICO MULATO SOFT TOUCH"},"content":{"rendered":"<p>Tipo: Dildo con Vibro.<\/p>\n<p>Medida: 19 cm x 3,5 \u00d8.<\/p>\n<p>Pilas: 2 Pilas AA (no incluidas).<\/p>\n<p>Phthalate Free \/ Libre de Ftalato.<\/p>\n","protected":false},"excerpt":{"rendered":"<p>Para los que buscan realismo y satisfacci\u00f3n, la l\u00ednea cyber es s\u00faper real\u00edstica, s\u00edmil a la piel y suave al tacto. Para vivir una experiencia de placer puro, el americano chico mulato ofrece una sensaci\u00f3n real a un pene. Es hipoalerg\u00e9nico y se adapta a la temperatura corporal permitiendo sentir mejor sus vibraciones y su textura.<\/p>\n","protected":false},"featured_media":7926,"template":"","meta":{"_et_pb_use_builder":"","_et_pb_old_content":"","_et_gb_content_width":"","_joinchat":[]},"product_brand":[],"product_cat":[18],"product_tag":[],"class_list":{"0":"post-7925","1":"product","2":"type-product","3":"status-publish","4":"has-post-thumbnail","6":"product_cat-vibradores","8":"first","9":"instock","10":"shipping-taxable","11":"purchasable","12":"product-type-simple"},"_links":{"self":[{"href":"https:\/\/www.sexshop.com.ar\/web\/wp-json\/wp\/v2\/product\/7925","targetHints":{"allow":["GET"]}}],"collection":[{"href":"https:\/\/www.sexshop.com.ar\/web\/wp-json\/wp\/v2\/product"}],"about":[{"href":"https:\/\/www.sexshop.com.ar\/web\/wp-json\/wp\/v2\/types\/product"}],"wp:featuredmedia":[{"embeddable":true,"href":"https:\/\/www.sexshop.com.ar\/web\/wp-json\/wp\/v2\/media\/7926"}],"wp:attachment":[{"href":"https:\/\/www.sexshop.com.ar\/web\/wp-json\/wp\/v2\/media?parent=7925"}],"wp:term":[{"taxonomy":"product_brand","embeddable":true,"href":"https:\/\/www.sexshop.com.ar\/web\/wp-json\/wp\/v2\/product_brand?post=7925"},{"taxonomy":"product_cat","embeddable":true,"href":"https:\/\/www.sexshop.com.ar\/web\/wp-json\/wp\/v2\/product_cat?post=7925"},{"taxonomy":"product_tag","embeddable":true,"href":"https:\/\/www.sexshop.com.ar\/web\/wp-json\/wp\/v2\/product_tag?post=7925"}],"curies":[{"name":"wp","href":"https:\/\/api.w.org\/{rel}","templated":true}]}}